{"id":829,"date":"2021-01-27T10:19:09","date_gmt":"2021-01-27T10:19:09","guid":{"rendered":"https:\/\/cozyheat.ee\/?page_id=829"},"modified":"2023-02-22T14:27:43","modified_gmt":"2023-02-22T14:27:43","slug":"saunaahjud","status":"publish","type":"page","link":"https:\/\/cozyheat.ee\/fin\/saunaahjud\/","title":{"rendered":"Saunaan kiukaat"},"content":{"rendered":"\n<pre id=\"block-c59b24f9-b413-4657-9e33-5bccb547f1a5\" class=\"wp-block-preformatted\">Saunan syd\u00e4n on kiuas. Jos l\u00e4mp\u00f6 ei ole miellytt\u00e4v\u00e4\u00e4 ja tunnet olosi ep\u00e4mukavaksi, yleens\u00e4 kiuas on ongelma\r\nPuul\u00e4mmitteiset kiukaat sopivat parhaiten mietoon ja pitk\u00e4kestoiseen saunomiseen, ne on tehty hyv\u00e4n l\u00f6ylyn varmistamiseksi heitt\u00e4m\u00e4ll\u00e4 vain vett\u00e4 kiville. Olemme valmistaneet kiukaita yli viisitoista vuotta ja asiantuntijamme tuntevat kaikki hyv\u00e4n saunan salaisuudet jo sukupolvien ajan\r\nUunimme ovat ainutlaatuisia! Olemme harvoja valmistajia Virossa, joka t\u00e4ytt\u00e4v\u00e4t saksalaiset BIMSCH-sertifikaattivaatimukset T\u00dcV-testiss\u00e4 ilman lis\u00e4laitteita. \r\n<\/pre>\n\n\n\n<p><\/p>\n","protected":false},"excerpt":{"rendered":"<p>Saunan syd\u00e4n on kiuas. Jos l\u00e4mp\u00f6 ei ole miellytt\u00e4v\u00e4\u00e4 ja tunnet olosi ep\u00e4mukavaksi, yleens\u00e4 kiuas on ongelma Puul\u00e4mmitteiset kiukaat sopivat parhaiten mietoon ja pitk\u00e4kestoiseen saunomiseen, ne on tehty hyv\u00e4n l\u00f6ylyn varmistamiseksi heitt\u00e4m\u00e4ll\u00e4 vain vett\u00e4 kiville. Olemme valmistaneet kiukaita yli viisitoista vuotta ja asiantuntijamme tuntevat kaikki hyv\u00e4n saunan salaisuudet jo sukupolvien ajan Uunimme ovat ainutlaatuisia! Olemme&hellip;&nbsp;<a href=\"https:\/\/cozyheat.ee\/fin\/saunaahjud\/\" class=\"\" rel=\"bookmark\">Lue lis\u00e4\u00e4 &raquo;<span class=\"screen-reader-text\">Saunaan kiukaat<\/span><\/a><\/p>\n","protected":false},"author":1,"featured_media":0,"parent":0,"menu_order":0,"comment_status":"closed","ping_status":"closed","template":"","meta":{"_mi_skip_tracking":false,"_monsterinsights_sitenote_active":false,"_monsterinsights_sitenote_note":"","_monsterinsights_sitenote_category":0,"neve_meta_sidebar":"full-width","neve_meta_container":"","neve_meta_enable_content_width":"on","neve_meta_content_width":100,"neve_meta_title_alignment":"","neve_meta_author_avatar":"","neve_post_elements_order":"","neve_meta_disable_header":"","neve_meta_disable_footer":"","neve_meta_disable_title":"","footnotes":""},"class_list":["post-829","page","type-page","status-publish","hentry"],"yoast_head":"<!-- This site is optimized with the Yoast SEO plugin v21.1 - https:\/\/yoast.com\/wordpress\/plugins\/seo\/ -->\n<title>Saunaan kiukaat - Cozy Heat O&Uuml;<\/title>\n<meta name=\"robots\" content=\"index, follow, max-snippet:-1, max-image-preview:large, max-video-preview:-1\" \/>\n<link rel=\"canonical\" href=\"https:\/\/cozyheat.ee\/fin\/saunaahjud\/\" \/>\n<meta property=\"og:locale\" content=\"fi_FI\" \/>\n<meta property=\"og:type\" content=\"article\" \/>\n<meta property=\"og:title\" content=\"Saunaan kiukaat\" \/>\n<meta property=\"og:description\" content=\"Saunan syd\u00e4n on kiuas. Jos l\u00e4mp\u00f6 ei ole miellytt\u00e4v\u00e4\u00e4 ja tunnet olosi ep\u00e4mukavaksi, yleens\u00e4 kiuas on ongelma Puul\u00e4mmitteiset kiukaat sopivat parhaiten mietoon ja pitk\u00e4kestoiseen saunomiseen, ne on tehty hyv\u00e4n l\u00f6ylyn varmistamiseksi heitt\u00e4m\u00e4ll\u00e4 vain vett\u00e4 kiville. Olemme valmistaneet kiukaita yli viisitoista vuotta ja asiantuntijamme tuntevat kaikki hyv\u00e4n saunan salaisuudet jo sukupolvien ajan Uunimme ovat ainutlaatuisia! Olemme&hellip;&nbsp;Lue lis\u00e4\u00e4 &raquo;Saunaan kiukaat\" \/>\n<meta property=\"og:url\" content=\"https:\/\/cozyheat.ee\/fin\/saunaahjud\/\" \/>\n<meta property=\"og:site_name\" content=\"Cozy Heat O&Uuml;\" \/>\n<meta property=\"article:modified_time\" content=\"2023-02-22T14:27:43+00:00\" \/>\n<meta name=\"twitter:card\" content=\"summary_large_image\" \/>\n<meta name=\"twitter:label1\" content=\"Arvioitu lukuaika\" \/>\n\t<meta name=\"twitter:data1\" content=\"1 minuutti\" \/>\n<script type=\"application\/ld+json\" class=\"yoast-schema-graph\">{\"@context\":\"https:\/\/schema.org\",\"@graph\":[{\"@type\":\"WebPage\",\"@id\":\"https:\/\/cozyheat.ee\/fin\/saunaahjud\/\",\"url\":\"https:\/\/cozyheat.ee\/fin\/saunaahjud\/\",\"name\":\"[:en]Sauna heaters[:et]Saunaahjud[:fin]Saunaan kiukaat[:] - Cozy Heat O&Uuml;\",\"isPartOf\":{\"@id\":\"https:\/\/cozyheat.ee\/#website\"},\"datePublished\":\"2021-01-27T10:19:09+00:00\",\"dateModified\":\"2023-02-22T14:27:43+00:00\",\"breadcrumb\":{\"@id\":\"https:\/\/cozyheat.ee\/fin\/saunaahjud\/#breadcrumb\"},\"inLanguage\":\"fi\",\"potentialAction\":[{\"@type\":\"ReadAction\",\"target\":[\"https:\/\/cozyheat.ee\/fin\/saunaahjud\/\"]}]},{\"@type\":\"BreadcrumbList\",\"@id\":\"https:\/\/cozyheat.ee\/fin\/saunaahjud\/#breadcrumb\",\"itemListElement\":[{\"@type\":\"ListItem\",\"position\":1,\"name\":\"Home\",\"item\":\"https:\/\/cozyheat.ee\/\"},{\"@type\":\"ListItem\",\"position\":2,\"name\":\"Saunaan kiukaat\"}]},{\"@type\":\"WebSite\",\"@id\":\"https:\/\/cozyheat.ee\/#website\",\"url\":\"https:\/\/cozyheat.ee\/\",\"name\":\"Cozy Heat O&Uuml;\",\"description\":\"Eestimaised saunakerised\",\"publisher\":{\"@id\":\"https:\/\/cozyheat.ee\/#organization\"},\"potentialAction\":[{\"@type\":\"SearchAction\",\"target\":{\"@type\":\"EntryPoint\",\"urlTemplate\":\"https:\/\/cozyheat.ee\/?s={search_term_string}\"},\"query-input\":\"required name=search_term_string\"}],\"inLanguage\":\"fi\"},{\"@type\":\"Organization\",\"@id\":\"https:\/\/cozyheat.ee\/#organization\",\"name\":\"Cozy Heat O&Uuml;\",\"url\":\"https:\/\/cozyheat.ee\/\",\"logo\":{\"@type\":\"ImageObject\",\"inLanguage\":\"fi\",\"@id\":\"https:\/\/cozyheat.ee\/#\/schema\/logo\/image\/\",\"url\":\"https:\/\/cozyheat.ee\/wp-content\/uploads\/2020\/04\/cropped-cozy_lines.png\",\"contentUrl\":\"https:\/\/cozyheat.ee\/wp-content\/uploads\/2020\/04\/cropped-cozy_lines.png\",\"width\":1579,\"height\":418,\"caption\":\"Cozy Heat O&Uuml;\"},\"image\":{\"@id\":\"https:\/\/cozyheat.ee\/#\/schema\/logo\/image\/\"}}]}<\/script>\n<!-- \/ Yoast SEO plugin. -->","yoast_head_json":{"title":"Saunaan kiukaat - Cozy Heat O&Uuml;","robots":{"index":"index","follow":"follow","max-snippet":"max-snippet:-1","max-image-preview":"max-image-preview:large","max-video-preview":"max-video-preview:-1"},"canonical":"https:\/\/cozyheat.ee\/fin\/saunaahjud\/","og_locale":"fi_FI","og_type":"article","og_title":"[:en]Sauna heaters[:et]Saunaahjud[:fin]Saunaan kiukaat[:] - Cozy Heat O&Uuml;","og_description":"Saunan syd\u00e4n on kiuas. Jos l\u00e4mp\u00f6 ei ole miellytt\u00e4v\u00e4\u00e4 ja tunnet olosi ep\u00e4mukavaksi, yleens\u00e4 kiuas on ongelma Puul\u00e4mmitteiset kiukaat sopivat parhaiten mietoon ja pitk\u00e4kestoiseen saunomiseen, ne on tehty hyv\u00e4n l\u00f6ylyn varmistamiseksi heitt\u00e4m\u00e4ll\u00e4 vain vett\u00e4 kiville. Olemme valmistaneet kiukaita yli viisitoista vuotta ja asiantuntijamme tuntevat kaikki hyv\u00e4n saunan salaisuudet jo sukupolvien ajan Uunimme ovat ainutlaatuisia! Olemme&hellip;&nbsp;Lue lis\u00e4\u00e4 &raquo;Saunaan kiukaat","og_url":"https:\/\/cozyheat.ee\/fin\/saunaahjud\/","og_site_name":"Cozy Heat O&Uuml;","article_modified_time":"2023-02-22T14:27:43+00:00","twitter_card":"summary_large_image","twitter_misc":{"Arvioitu lukuaika":"1 minuutti"},"schema":{"@context":"https:\/\/schema.org","@graph":[{"@type":"WebPage","@id":"https:\/\/cozyheat.ee\/fin\/saunaahjud\/","url":"https:\/\/cozyheat.ee\/fin\/saunaahjud\/","name":"[:en]Sauna heaters[:et]Saunaahjud[:fin]Saunaan kiukaat[:] - Cozy Heat O&Uuml;","isPartOf":{"@id":"https:\/\/cozyheat.ee\/#website"},"datePublished":"2021-01-27T10:19:09+00:00","dateModified":"2023-02-22T14:27:43+00:00","breadcrumb":{"@id":"https:\/\/cozyheat.ee\/fin\/saunaahjud\/#breadcrumb"},"inLanguage":"fi","potentialAction":[{"@type":"ReadAction","target":["https:\/\/cozyheat.ee\/fin\/saunaahjud\/"]}]},{"@type":"BreadcrumbList","@id":"https:\/\/cozyheat.ee\/fin\/saunaahjud\/#breadcrumb","itemListElement":[{"@type":"ListItem","position":1,"name":"Home","item":"https:\/\/cozyheat.ee\/"},{"@type":"ListItem","position":2,"name":"Saunaan kiukaat"}]},{"@type":"WebSite","@id":"https:\/\/cozyheat.ee\/#website","url":"https:\/\/cozyheat.ee\/","name":"Cozy Heat O&Uuml;","description":"Eestimaised saunakerised","publisher":{"@id":"https:\/\/cozyheat.ee\/#organization"},"potentialAction":[{"@type":"SearchAction","target":{"@type":"EntryPoint","urlTemplate":"https:\/\/cozyheat.ee\/?s={search_term_string}"},"query-input":"required name=search_term_string"}],"inLanguage":"fi"},{"@type":"Organization","@id":"https:\/\/cozyheat.ee\/#organization","name":"Cozy Heat O&Uuml;","url":"https:\/\/cozyheat.ee\/","logo":{"@type":"ImageObject","inLanguage":"fi","@id":"https:\/\/cozyheat.ee\/#\/schema\/logo\/image\/","url":"https:\/\/cozyheat.ee\/wp-content\/uploads\/2020\/04\/cropped-cozy_lines.png","contentUrl":"https:\/\/cozyheat.ee\/wp-content\/uploads\/2020\/04\/cropped-cozy_lines.png","width":1579,"height":418,"caption":"Cozy Heat O&Uuml;"},"image":{"@id":"https:\/\/cozyheat.ee\/#\/schema\/logo\/image\/"}}]}},"_links":{"self":[{"href":"https:\/\/cozyheat.ee\/fin\/wp-json\/wp\/v2\/pages\/829","targetHints":{"allow":["GET"]}}],"collection":[{"href":"https:\/\/cozyheat.ee\/fin\/wp-json\/wp\/v2\/pages"}],"about":[{"href":"https:\/\/cozyheat.ee\/fin\/wp-json\/wp\/v2\/types\/page"}],"author":[{"embeddable":true,"href":"https:\/\/cozyheat.ee\/fin\/wp-json\/wp\/v2\/users\/1"}],"replies":[{"embeddable":true,"href":"https:\/\/cozyheat.ee\/fin\/wp-json\/wp\/v2\/comments?post=829"}],"version-history":[{"count":14,"href":"https:\/\/cozyheat.ee\/fin\/wp-json\/wp\/v2\/pages\/829\/revisions"}],"predecessor-version":[{"id":1580,"href":"https:\/\/cozyheat.ee\/fin\/wp-json\/wp\/v2\/pages\/829\/revisions\/1580"}],"wp:attachment":[{"href":"https:\/\/cozyheat.ee\/fin\/wp-json\/wp\/v2\/media?parent=829"}],"curies":[{"name":"wp","href":"https:\/\/api.w.org\/{rel}","templated":true}]}}