{"id":768,"date":"2021-01-27T08:43:23","date_gmt":"2021-01-27T08:43:23","guid":{"rendered":"https:\/\/cozyheat.ee\/?page_id=768"},"modified":"2023-02-22T14:25:48","modified_gmt":"2023-02-22T14:25:48","slug":"lokkease-cozy-fire","status":"publish","type":"page","link":"https:\/\/cozyheat.ee\/fin\/lokkease-cozy-fire\/","title":{"rendered":"Tulipes\u00e4 COZY FIRE"},"content":{"rendered":"\n<div class=\"wp-block-media-text alignwide is-stacked-on-mobile\"><figure class=\"wp-block-media-text__media\"><img loading=\"lazy\" decoding=\"async\" width=\"1024\" height=\"768\" src=\"https:\/\/cozyheat.ee\/wp-content\/uploads\/2020\/04\/Lokkease-1024x768.jpg\" alt=\"L\u00f5kkease\" class=\"wp-image-696 size-full\" srcset=\"https:\/\/cozyheat.ee\/wp-content\/uploads\/2020\/04\/Lokkease-1024x768.jpg 1024w, https:\/\/cozyheat.ee\/wp-content\/uploads\/2020\/04\/Lokkease-300x225.jpg 300w, https:\/\/cozyheat.ee\/wp-content\/uploads\/2020\/04\/Lokkease-768x576.jpg 768w, https:\/\/cozyheat.ee\/wp-content\/uploads\/2020\/04\/Lokkease-1536x1152.jpg 1536w, https:\/\/cozyheat.ee\/wp-content\/uploads\/2020\/04\/Lokkease-2048x1536.jpg 2048w\" sizes=\"auto, (max-width: 1024px) 100vw, 1024px\" \/><\/figure><div class=\"wp-block-media-text__content\">\nYleens\u00e4 avotulen edess\u00e4 istuessasi saatat tuntea liikaa l\u00e4mp\u00f6\u00e4, mutta COZY FIRE -tulipes\u00e4 sallii olla l\u00e4hell\u00e4 tulta.  Sein\u00e4m\u00e4t on valmistettu kivist\u00e4, jotka ovat kaksikerroksisen rautaverkon v\u00e4liss\u00e4. T\u00e4m\u00e4 suojaa ja lievent\u00e4\u00e4 tulen voimakkuutta ja muotoilu on upeampi verrattuna tavallisiin tulipesiin. Monet pit\u00e4v\u00e4t t\u00e4t\u00e4 ratkaisua kest\u00e4v\u00e4mp\u00e4n\u00e4 ja turvallisempana my\u00f6s perheen pienimmille ja rakkaille lemmikeille!\n\nCozy FIRE:t\u00e4 on mahdollista k\u00e4ytt\u00e4\u00e4 ruoan grillaamiseen. K\u00e4yt\u00e4 polttoaineena vain puhdasta puuta. Noudata paikallisia s\u00e4\u00e4nt\u00f6j\u00e4si tehdess\u00e4si avotulen!\n\n\n\n\n<p><\/p>\n<\/div><\/div>\n\n\n\n<h2 class=\"wp-block-heading\">Tehnilised andmed<\/h2>\n\n\n\n<figure class=\"wp-block-table is-style-stripes\"><table><tbody><tr><td>LEVEYS:<\/td><td>75 cm<\/td><td><\/td><td><\/td><\/tr><tr><td>KORKEUS:<\/td><td>65 cm<\/td><td><\/td><td><\/td><\/tr><tr><td>VERKON KORKEUS:<\/td><td>45 cm<\/td><td><\/td><td><\/td><\/tr><tr><td>PAINO:<\/td><td>12 kg<\/td><td><\/td><td><\/td><\/tr><tr><td>POLTTOAINE:<\/td><td>puu<\/td><td><\/td><td><\/td><\/tr><\/tbody><\/table><\/figure>\n\n\n\n<h2 class=\"wp-block-heading\">TILAUS<\/h2>\n\n\n\n<figure class=\"wp-block-gallery has-nested-images columns-default is-cropped wp-block-gallery-1 is-layout-flex wp-block-gallery-is-layout-flex\">\n<figure class=\"wp-block-image size-large\"><img loading=\"lazy\" decoding=\"async\" width=\"1024\" height=\"683\" data-id=\"699\" src=\"https:\/\/cozyheat.ee\/wp-content\/uploads\/2020\/04\/campfire-1031141_1920-1024x683.jpg\" alt=\"\" class=\"wp-image-699\" srcset=\"https:\/\/cozyheat.ee\/wp-content\/uploads\/2020\/04\/campfire-1031141_1920-1024x683.jpg 1024w, https:\/\/cozyheat.ee\/wp-content\/uploads\/2020\/04\/campfire-1031141_1920-300x200.jpg 300w, https:\/\/cozyheat.ee\/wp-content\/uploads\/2020\/04\/campfire-1031141_1920-768x512.jpg 768w, https:\/\/cozyheat.ee\/wp-content\/uploads\/2020\/04\/campfire-1031141_1920-1536x1024.jpg 1536w, https:\/\/cozyheat.ee\/wp-content\/uploads\/2020\/04\/campfire-1031141_1920-930x620.jpg 930w, https:\/\/cozyheat.ee\/wp-content\/uploads\/2020\/04\/campfire-1031141_1920.jpg 1920w\" sizes=\"auto, (max-width: 1024px) 100vw, 1024px\" \/><\/figure>\n\n\n\n<figure class=\"wp-block-image size-large\"><img loading=\"lazy\" decoding=\"async\" width=\"900\" height=\"984\" data-id=\"697\" src=\"https:\/\/cozyheat.ee\/wp-content\/uploads\/2020\/04\/l\u00f5kkease-cozy.png\" alt=\"l\u00f5kkease cozy\" class=\"wp-image-697\" srcset=\"https:\/\/cozyheat.ee\/wp-content\/uploads\/2020\/04\/l\u00f5kkease-cozy.png 900w, https:\/\/cozyheat.ee\/wp-content\/uploads\/2020\/04\/l\u00f5kkease-cozy-274x300.png 274w, https:\/\/cozyheat.ee\/wp-content\/uploads\/2020\/04\/l\u00f5kkease-cozy-768x840.png 768w\" sizes=\"auto, (max-width: 900px) 100vw, 900px\" \/><\/figure>\n\n\n\n<figure class=\"wp-block-image size-large\"><img loading=\"lazy\" decoding=\"async\" width=\"875\" height=\"1024\" data-id=\"788\" src=\"https:\/\/cozyheat.ee\/wp-content\/uploads\/2021\/01\/1-875x1024.jpg\" alt=\"\" class=\"wp-image-788\" srcset=\"https:\/\/cozyheat.ee\/wp-content\/uploads\/2021\/01\/1-875x1024.jpg 875w, https:\/\/cozyheat.ee\/wp-content\/uploads\/2021\/01\/1-256x300.jpg 256w, https:\/\/cozyheat.ee\/wp-content\/uploads\/2021\/01\/1-768x899.jpg 768w, https:\/\/cozyheat.ee\/wp-content\/uploads\/2021\/01\/1-1312x1536.jpg 1312w, https:\/\/cozyheat.ee\/wp-content\/uploads\/2021\/01\/1-1750x2048.jpg 1750w, https:\/\/cozyheat.ee\/wp-content\/uploads\/2021\/01\/1.jpg 2029w\" sizes=\"auto, (max-width: 875px) 100vw, 875px\" \/><\/figure>\n\n\n\n<figure class=\"wp-block-image size-large\"><img loading=\"lazy\" decoding=\"async\" width=\"1024\" height=\"683\" data-id=\"789\" src=\"https:\/\/cozyheat.ee\/wp-content\/uploads\/2021\/01\/DSC00132-1024x683.jpg\" alt=\"\" class=\"wp-image-789\" srcset=\"https:\/\/cozyheat.ee\/wp-content\/uploads\/2021\/01\/DSC00132-1024x683.jpg 1024w, https:\/\/cozyheat.ee\/wp-content\/uploads\/2021\/01\/DSC00132-300x200.jpg 300w, https:\/\/cozyheat.ee\/wp-content\/uploads\/2021\/01\/DSC00132-768x512.jpg 768w, https:\/\/cozyheat.ee\/wp-content\/uploads\/2021\/01\/DSC00132-1536x1024.jpg 1536w, https:\/\/cozyheat.ee\/wp-content\/uploads\/2021\/01\/DSC00132-930x620.jpg 930w, https:\/\/cozyheat.ee\/wp-content\/uploads\/2021\/01\/DSC00132.jpg 1920w\" sizes=\"auto, (max-width: 1024px) 100vw, 1024px\" \/><\/figure>\n\n\n\n<figure class=\"wp-block-image size-large\"><img loading=\"lazy\" decoding=\"async\" width=\"1024\" height=\"1024\" data-id=\"790\" src=\"https:\/\/cozyheat.ee\/wp-content\/uploads\/2021\/01\/DSC00143-1024x1024.jpg\" alt=\"\" class=\"wp-image-790\" srcset=\"https:\/\/cozyheat.ee\/wp-content\/uploads\/2021\/01\/DSC00143-1024x1024.jpg 1024w, https:\/\/cozyheat.ee\/wp-content\/uploads\/2021\/01\/DSC00143-300x300.jpg 300w, https:\/\/cozyheat.ee\/wp-content\/uploads\/2021\/01\/DSC00143-150x150.jpg 150w, https:\/\/cozyheat.ee\/wp-content\/uploads\/2021\/01\/DSC00143-768x768.jpg 768w, https:\/\/cozyheat.ee\/wp-content\/uploads\/2021\/01\/DSC00143-1536x1536.jpg 1536w, https:\/\/cozyheat.ee\/wp-content\/uploads\/2021\/01\/DSC00143.jpg 1920w\" sizes=\"auto, (max-width: 1024px) 100vw, 1024px\" \/><\/figure>\n\n\n\n<figure class=\"wp-block-image size-large\"><img loading=\"lazy\" decoding=\"async\" width=\"1024\" height=\"683\" data-id=\"792\" src=\"https:\/\/cozyheat.ee\/wp-content\/uploads\/2021\/01\/DSC00146-1024x683.jpg\" alt=\"\" class=\"wp-image-792\" srcset=\"https:\/\/cozyheat.ee\/wp-content\/uploads\/2021\/01\/DSC00146-1024x683.jpg 1024w, https:\/\/cozyheat.ee\/wp-content\/uploads\/2021\/01\/DSC00146-300x200.jpg 300w, https:\/\/cozyheat.ee\/wp-content\/uploads\/2021\/01\/DSC00146-768x512.jpg 768w, https:\/\/cozyheat.ee\/wp-content\/uploads\/2021\/01\/DSC00146-1536x1024.jpg 1536w, https:\/\/cozyheat.ee\/wp-content\/uploads\/2021\/01\/DSC00146-930x620.jpg 930w, https:\/\/cozyheat.ee\/wp-content\/uploads\/2021\/01\/DSC00146.jpg 1920w\" sizes=\"auto, (max-width: 1024px) 100vw, 1024px\" \/><\/figure>\n\n\n\n<figure class=\"wp-block-image size-large\"><img loading=\"lazy\" decoding=\"async\" width=\"1024\" height=\"969\" data-id=\"1510\" src=\"https:\/\/cozyheat.ee\/wp-content\/uploads\/2023\/02\/2-4-1024x969.jpg\" alt=\"\" class=\"wp-image-1510\" srcset=\"https:\/\/cozyheat.ee\/wp-content\/uploads\/2023\/02\/2-4-1024x969.jpg 1024w, https:\/\/cozyheat.ee\/wp-content\/uploads\/2023\/02\/2-4-300x284.jpg 300w, https:\/\/cozyheat.ee\/wp-content\/uploads\/2023\/02\/2-4-768x727.jpg 768w, https:\/\/cozyheat.ee\/wp-content\/uploads\/2023\/02\/2-4-1536x1454.jpg 1536w, https:\/\/cozyheat.ee\/wp-content\/uploads\/2023\/02\/2-4-2048x1938.jpg 2048w\" sizes=\"auto, (max-width: 1024px) 100vw, 1024px\" \/><\/figure>\n\n\n\n<figure class=\"wp-block-image size-large\"><img loading=\"lazy\" decoding=\"async\" width=\"1024\" height=\"662\" data-id=\"1511\" src=\"https:\/\/cozyheat.ee\/wp-content\/uploads\/2023\/02\/3-5-1024x662.jpg\" alt=\"\" class=\"wp-image-1511\" srcset=\"https:\/\/cozyheat.ee\/wp-content\/uploads\/2023\/02\/3-5-1024x662.jpg 1024w, https:\/\/cozyheat.ee\/wp-content\/uploads\/2023\/02\/3-5-300x194.jpg 300w, https:\/\/cozyheat.ee\/wp-content\/uploads\/2023\/02\/3-5-768x496.jpg 768w, https:\/\/cozyheat.ee\/wp-content\/uploads\/2023\/02\/3-5-1536x993.jpg 1536w, https:\/\/cozyheat.ee\/wp-content\/uploads\/2023\/02\/3-5-2048x1323.jpg 2048w\" sizes=\"auto, (max-width: 1024px) 100vw, 1024px\" \/><\/figure>\n\n\n\n<figure class=\"wp-block-image size-large\"><img loading=\"lazy\" decoding=\"async\" width=\"1024\" height=\"822\" data-id=\"1509\" src=\"https:\/\/cozyheat.ee\/wp-content\/uploads\/2023\/02\/6-5-1024x822.jpg\" alt=\"\" class=\"wp-image-1509\" srcset=\"https:\/\/cozyheat.ee\/wp-content\/uploads\/2023\/02\/6-5-1024x822.jpg 1024w, https:\/\/cozyheat.ee\/wp-content\/uploads\/2023\/02\/6-5-300x241.jpg 300w, https:\/\/cozyheat.ee\/wp-content\/uploads\/2023\/02\/6-5-768x616.jpg 768w, https:\/\/cozyheat.ee\/wp-content\/uploads\/2023\/02\/6-5-1536x1233.jpg 1536w, https:\/\/cozyheat.ee\/wp-content\/uploads\/2023\/02\/6-5-2048x1644.jpg 2048w\" sizes=\"auto, (max-width: 1024px) 100vw, 1024px\" \/><\/figure>\n\n\n\n<figure class=\"wp-block-image size-large\"><img loading=\"lazy\" decoding=\"async\" width=\"1024\" height=\"958\" data-id=\"1508\" src=\"https:\/\/cozyheat.ee\/wp-content\/uploads\/2023\/02\/5-5-1024x958.jpg\" alt=\"\" class=\"wp-image-1508\" srcset=\"https:\/\/cozyheat.ee\/wp-content\/uploads\/2023\/02\/5-5-1024x958.jpg 1024w, https:\/\/cozyheat.ee\/wp-content\/uploads\/2023\/02\/5-5-300x281.jpg 300w, https:\/\/cozyheat.ee\/wp-content\/uploads\/2023\/02\/5-5-768x718.jpg 768w, https:\/\/cozyheat.ee\/wp-content\/uploads\/2023\/02\/5-5-1536x1437.jpg 1536w, https:\/\/cozyheat.ee\/wp-content\/uploads\/2023\/02\/5-5-2048x1916.jpg 2048w\" sizes=\"auto, (max-width: 1024px) 100vw, 1024px\" \/><\/figure>\n\n\n\n<figure class=\"wp-block-image size-large\"><img loading=\"lazy\" decoding=\"async\" width=\"1024\" height=\"888\" data-id=\"1507\" src=\"https:\/\/cozyheat.ee\/wp-content\/uploads\/2023\/02\/4-6-1024x888.jpg\" alt=\"\" class=\"wp-image-1507\" srcset=\"https:\/\/cozyheat.ee\/wp-content\/uploads\/2023\/02\/4-6-1024x888.jpg 1024w, https:\/\/cozyheat.ee\/wp-content\/uploads\/2023\/02\/4-6-300x260.jpg 300w, https:\/\/cozyheat.ee\/wp-content\/uploads\/2023\/02\/4-6-768x666.jpg 768w, https:\/\/cozyheat.ee\/wp-content\/uploads\/2023\/02\/4-6-1536x1331.jpg 1536w, https:\/\/cozyheat.ee\/wp-content\/uploads\/2023\/02\/4-6-2048x1775.jpg 2048w\" sizes=\"auto, (max-width: 1024px) 100vw, 1024px\" \/><\/figure>\n\n\n\n<figure class=\"wp-block-image size-large\"><img loading=\"lazy\" decoding=\"async\" width=\"1024\" height=\"947\" data-id=\"1506\" src=\"https:\/\/cozyheat.ee\/wp-content\/uploads\/2023\/02\/1-7-1024x947.jpg\" alt=\"\" class=\"wp-image-1506\" srcset=\"https:\/\/cozyheat.ee\/wp-content\/uploads\/2023\/02\/1-7-1024x947.jpg 1024w, https:\/\/cozyheat.ee\/wp-content\/uploads\/2023\/02\/1-7-300x277.jpg 300w, https:\/\/cozyheat.ee\/wp-content\/uploads\/2023\/02\/1-7-768x710.jpg 768w, https:\/\/cozyheat.ee\/wp-content\/uploads\/2023\/02\/1-7-1536x1421.jpg 1536w, https:\/\/cozyheat.ee\/wp-content\/uploads\/2023\/02\/1-7-2048x1894.jpg 2048w\" sizes=\"auto, (max-width: 1024px) 100vw, 1024px\" \/><\/figure>\n<\/figure>\n\n\n\n<p><\/p>\n","protected":false},"excerpt":{"rendered":"<p>Yleens\u00e4 avotulen edess\u00e4 istuessasi saatat tuntea liikaa l\u00e4mp\u00f6\u00e4, mutta COZY FIRE -tulipes\u00e4 sallii olla l\u00e4hell\u00e4 tulta. Sein\u00e4m\u00e4t on valmistettu kivist\u00e4, jotka ovat kaksikerroksisen rautaverkon v\u00e4liss\u00e4. T\u00e4m\u00e4 suojaa ja lievent\u00e4\u00e4 tulen voimakkuutta ja muotoilu on upeampi verrattuna tavallisiin tulipesiin. Monet pit\u00e4v\u00e4t t\u00e4t\u00e4 ratkaisua kest\u00e4v\u00e4mp\u00e4n\u00e4 ja turvallisempana my\u00f6s perheen pienimmille ja rakkaille lemmikeille! Cozy FIRE:t\u00e4 on mahdollista&hellip;&nbsp;<a href=\"https:\/\/cozyheat.ee\/fin\/lokkease-cozy-fire\/\" class=\"\" rel=\"bookmark\">Lue lis\u00e4\u00e4 &raquo;<span class=\"screen-reader-text\">Tulipes\u00e4 COZY FIRE<\/span><\/a><\/p>\n","protected":false},"author":1,"featured_media":0,"parent":0,"menu_order":0,"comment_status":"closed","ping_status":"closed","template":"","meta":{"_mi_skip_tracking":false,"_monsterinsights_sitenote_active":false,"_monsterinsights_sitenote_note":"","_monsterinsights_sitenote_category":0,"neve_meta_sidebar":"","neve_meta_container":"","neve_meta_enable_content_width":"off","neve_meta_content_width":0,"neve_meta_title_alignment":"","neve_meta_author_avatar":"","neve_post_elements_order":"","neve_meta_disable_header":"","neve_meta_disable_footer":"","neve_meta_disable_title":"","footnotes":""},"class_list":["post-768","page","type-page","status-publish","hentry"],"yoast_head":"<!-- This site is optimized with the Yoast SEO plugin v21.1 - https:\/\/yoast.com\/wordpress\/plugins\/seo\/ -->\n<title>Tulipes\u00e4 COZY FIRE - Cozy Heat O&Uuml;<\/title>\n<meta name=\"robots\" content=\"index, follow, max-snippet:-1, max-image-preview:large, max-video-preview:-1\" \/>\n<link rel=\"canonical\" href=\"https:\/\/cozyheat.ee\/fin\/lokkease-cozy-fire\/\" \/>\n<meta property=\"og:locale\" content=\"fi_FI\" \/>\n<meta property=\"og:type\" content=\"article\" \/>\n<meta property=\"og:title\" content=\"Tulipes\u00e4 COZY FIRE\" \/>\n<meta property=\"og:description\" content=\"Yleens\u00e4 avotulen edess\u00e4 istuessasi saatat tuntea liikaa l\u00e4mp\u00f6\u00e4, mutta COZY FIRE -tulipes\u00e4 sallii olla l\u00e4hell\u00e4 tulta. Sein\u00e4m\u00e4t on valmistettu kivist\u00e4, jotka ovat kaksikerroksisen rautaverkon v\u00e4liss\u00e4. T\u00e4m\u00e4 suojaa ja lievent\u00e4\u00e4 tulen voimakkuutta ja muotoilu on upeampi verrattuna tavallisiin tulipesiin. Monet pit\u00e4v\u00e4t t\u00e4t\u00e4 ratkaisua kest\u00e4v\u00e4mp\u00e4n\u00e4 ja turvallisempana my\u00f6s perheen pienimmille ja rakkaille lemmikeille! Cozy FIRE:t\u00e4 on mahdollista&hellip;&nbsp;Lue lis\u00e4\u00e4 &raquo;Tulipes\u00e4 COZY FIRE\" \/>\n<meta property=\"og:url\" content=\"https:\/\/cozyheat.ee\/fin\/lokkease-cozy-fire\/\" \/>\n<meta property=\"og:site_name\" content=\"Cozy Heat O&Uuml;\" \/>\n<meta property=\"article:modified_time\" content=\"2023-02-22T14:25:48+00:00\" \/>\n<meta property=\"og:image\" content=\"https:\/\/cozyheat.ee\/wp-content\/uploads\/2020\/04\/Lokkease-1024x768.jpg\" \/>\n<meta name=\"twitter:card\" content=\"summary_large_image\" \/>\n<meta name=\"twitter:label1\" content=\"Arvioitu lukuaika\" \/>\n\t<meta name=\"twitter:data1\" content=\"2 minuuttia\" \/>\n<script type=\"application\/ld+json\" class=\"yoast-schema-graph\">{\"@context\":\"https:\/\/schema.org\",\"@graph\":[{\"@type\":\"WebPage\",\"@id\":\"https:\/\/cozyheat.ee\/fin\/lokkease-cozy-fire\/\",\"url\":\"https:\/\/cozyheat.ee\/fin\/lokkease-cozy-fire\/\",\"name\":\"[:en]Fire pit COZY FIRE[:et]L\u00f5kkease COZY FIRE[:fin]Tulipes\u00e4 COZY FIRE[:] - Cozy Heat O&Uuml;\",\"isPartOf\":{\"@id\":\"https:\/\/cozyheat.ee\/#website\"},\"datePublished\":\"2021-01-27T08:43:23+00:00\",\"dateModified\":\"2023-02-22T14:25:48+00:00\",\"breadcrumb\":{\"@id\":\"https:\/\/cozyheat.ee\/fin\/lokkease-cozy-fire\/#breadcrumb\"},\"inLanguage\":\"fi\",\"potentialAction\":[{\"@type\":\"ReadAction\",\"target\":[\"https:\/\/cozyheat.ee\/fin\/lokkease-cozy-fire\/\"]}]},{\"@type\":\"BreadcrumbList\",\"@id\":\"https:\/\/cozyheat.ee\/fin\/lokkease-cozy-fire\/#breadcrumb\",\"itemListElement\":[{\"@type\":\"ListItem\",\"position\":1,\"name\":\"Home\",\"item\":\"https:\/\/cozyheat.ee\/\"},{\"@type\":\"ListItem\",\"position\":2,\"name\":\"Tulipes\u00e4 COZY FIRE\"}]},{\"@type\":\"WebSite\",\"@id\":\"https:\/\/cozyheat.ee\/#website\",\"url\":\"https:\/\/cozyheat.ee\/\",\"name\":\"Cozy Heat O&Uuml;\",\"description\":\"Eestimaised saunakerised\",\"publisher\":{\"@id\":\"https:\/\/cozyheat.ee\/#organization\"},\"potentialAction\":[{\"@type\":\"SearchAction\",\"target\":{\"@type\":\"EntryPoint\",\"urlTemplate\":\"https:\/\/cozyheat.ee\/?s={search_term_string}\"},\"query-input\":\"required name=search_term_string\"}],\"inLanguage\":\"fi\"},{\"@type\":\"Organization\",\"@id\":\"https:\/\/cozyheat.ee\/#organization\",\"name\":\"Cozy Heat O&Uuml;\",\"url\":\"https:\/\/cozyheat.ee\/\",\"logo\":{\"@type\":\"ImageObject\",\"inLanguage\":\"fi\",\"@id\":\"https:\/\/cozyheat.ee\/#\/schema\/logo\/image\/\",\"url\":\"https:\/\/cozyheat.ee\/wp-content\/uploads\/2020\/04\/cropped-cozy_lines.png\",\"contentUrl\":\"https:\/\/cozyheat.ee\/wp-content\/uploads\/2020\/04\/cropped-cozy_lines.png\",\"width\":1579,\"height\":418,\"caption\":\"Cozy Heat O&Uuml;\"},\"image\":{\"@id\":\"https:\/\/cozyheat.ee\/#\/schema\/logo\/image\/\"}}]}<\/script>\n<!-- \/ Yoast SEO plugin. -->","yoast_head_json":{"title":"Tulipes\u00e4 COZY FIRE - Cozy Heat O&Uuml;","robots":{"index":"index","follow":"follow","max-snippet":"max-snippet:-1","max-image-preview":"max-image-preview:large","max-video-preview":"max-video-preview:-1"},"canonical":"https:\/\/cozyheat.ee\/fin\/lokkease-cozy-fire\/","og_locale":"fi_FI","og_type":"article","og_title":"[:en]Fire pit COZY FIRE[:et]L\u00f5kkease COZY FIRE[:fin]Tulipes\u00e4 COZY FIRE[:] - Cozy Heat O&Uuml;","og_description":"Yleens\u00e4 avotulen edess\u00e4 istuessasi saatat tuntea liikaa l\u00e4mp\u00f6\u00e4, mutta COZY FIRE -tulipes\u00e4 sallii olla l\u00e4hell\u00e4 tulta. Sein\u00e4m\u00e4t on valmistettu kivist\u00e4, jotka ovat kaksikerroksisen rautaverkon v\u00e4liss\u00e4. T\u00e4m\u00e4 suojaa ja lievent\u00e4\u00e4 tulen voimakkuutta ja muotoilu on upeampi verrattuna tavallisiin tulipesiin. Monet pit\u00e4v\u00e4t t\u00e4t\u00e4 ratkaisua kest\u00e4v\u00e4mp\u00e4n\u00e4 ja turvallisempana my\u00f6s perheen pienimmille ja rakkaille lemmikeille! Cozy FIRE:t\u00e4 on mahdollista&hellip;&nbsp;Lue lis\u00e4\u00e4 &raquo;Tulipes\u00e4 COZY FIRE","og_url":"https:\/\/cozyheat.ee\/fin\/lokkease-cozy-fire\/","og_site_name":"Cozy Heat O&Uuml;","article_modified_time":"2023-02-22T14:25:48+00:00","og_image":[{"url":"https:\/\/cozyheat.ee\/wp-content\/uploads\/2020\/04\/Lokkease-1024x768.jpg"}],"twitter_card":"summary_large_image","twitter_misc":{"Arvioitu lukuaika":"2 minuuttia"},"schema":{"@context":"https:\/\/schema.org","@graph":[{"@type":"WebPage","@id":"https:\/\/cozyheat.ee\/fin\/lokkease-cozy-fire\/","url":"https:\/\/cozyheat.ee\/fin\/lokkease-cozy-fire\/","name":"[:en]Fire pit COZY FIRE[:et]L\u00f5kkease COZY FIRE[:fin]Tulipes\u00e4 COZY FIRE[:] - Cozy Heat O&Uuml;","isPartOf":{"@id":"https:\/\/cozyheat.ee\/#website"},"datePublished":"2021-01-27T08:43:23+00:00","dateModified":"2023-02-22T14:25:48+00:00","breadcrumb":{"@id":"https:\/\/cozyheat.ee\/fin\/lokkease-cozy-fire\/#breadcrumb"},"inLanguage":"fi","potentialAction":[{"@type":"ReadAction","target":["https:\/\/cozyheat.ee\/fin\/lokkease-cozy-fire\/"]}]},{"@type":"BreadcrumbList","@id":"https:\/\/cozyheat.ee\/fin\/lokkease-cozy-fire\/#breadcrumb","itemListElement":[{"@type":"ListItem","position":1,"name":"Home","item":"https:\/\/cozyheat.ee\/"},{"@type":"ListItem","position":2,"name":"Tulipes\u00e4 COZY FIRE"}]},{"@type":"WebSite","@id":"https:\/\/cozyheat.ee\/#website","url":"https:\/\/cozyheat.ee\/","name":"Cozy Heat O&Uuml;","description":"Eestimaised saunakerised","publisher":{"@id":"https:\/\/cozyheat.ee\/#organization"},"potentialAction":[{"@type":"SearchAction","target":{"@type":"EntryPoint","urlTemplate":"https:\/\/cozyheat.ee\/?s={search_term_string}"},"query-input":"required name=search_term_string"}],"inLanguage":"fi"},{"@type":"Organization","@id":"https:\/\/cozyheat.ee\/#organization","name":"Cozy Heat O&Uuml;","url":"https:\/\/cozyheat.ee\/","logo":{"@type":"ImageObject","inLanguage":"fi","@id":"https:\/\/cozyheat.ee\/#\/schema\/logo\/image\/","url":"https:\/\/cozyheat.ee\/wp-content\/uploads\/2020\/04\/cropped-cozy_lines.png","contentUrl":"https:\/\/cozyheat.ee\/wp-content\/uploads\/2020\/04\/cropped-cozy_lines.png","width":1579,"height":418,"caption":"Cozy Heat O&Uuml;"},"image":{"@id":"https:\/\/cozyheat.ee\/#\/schema\/logo\/image\/"}}]}},"_links":{"self":[{"href":"https:\/\/cozyheat.ee\/fin\/wp-json\/wp\/v2\/pages\/768","targetHints":{"allow":["GET"]}}],"collection":[{"href":"https:\/\/cozyheat.ee\/fin\/wp-json\/wp\/v2\/pages"}],"about":[{"href":"https:\/\/cozyheat.ee\/fin\/wp-json\/wp\/v2\/types\/page"}],"author":[{"embeddable":true,"href":"https:\/\/cozyheat.ee\/fin\/wp-json\/wp\/v2\/users\/1"}],"replies":[{"embeddable":true,"href":"https:\/\/cozyheat.ee\/fin\/wp-json\/wp\/v2\/comments?post=768"}],"version-history":[{"count":25,"href":"https:\/\/cozyheat.ee\/fin\/wp-json\/wp\/v2\/pages\/768\/revisions"}],"predecessor-version":[{"id":1578,"href":"https:\/\/cozyheat.ee\/fin\/wp-json\/wp\/v2\/pages\/768\/revisions\/1578"}],"wp:attachment":[{"href":"https:\/\/cozyheat.ee\/fin\/wp-json\/wp\/v2\/media?parent=768"}],"curies":[{"name":"wp","href":"https:\/\/api.w.org\/{rel}","templated":true}]}}