{"id":1491,"date":"2023-02-21T10:40:50","date_gmt":"2023-02-21T10:40:50","guid":{"rendered":"https:\/\/cozyheat.ee\/?page_id=1491"},"modified":"2024-04-18T07:07:27","modified_gmt":"2024-04-18T07:07:27","slug":"cozy-18-tw","status":"publish","type":"page","link":"https:\/\/cozyheat.ee\/fin\/cozy-18-tw\/","title":{"rendered":"COZY 18 TW"},"content":{"rendered":"\n<div class=\"wp-block-columns is-layout-flex wp-container-core-columns-is-layout-1 wp-block-columns-is-layout-flex\">\n<div class=\"wp-block-column is-layout-flow wp-block-column-is-layout-flow\"><div class=\"wp-block-image is-style-default\">\n<figure class=\"aligncenter size-large\"><img loading=\"lazy\" decoding=\"async\" width=\"502\" height=\"1024\" src=\"https:\/\/cozyheat.ee\/wp-content\/uploads\/2023\/02\/7-6-502x1024.jpg\" alt=\"\" class=\"wp-image-1492\" srcset=\"https:\/\/cozyheat.ee\/wp-content\/uploads\/2023\/02\/7-6-502x1024.jpg 502w, https:\/\/cozyheat.ee\/wp-content\/uploads\/2023\/02\/7-6-147x300.jpg 147w, https:\/\/cozyheat.ee\/wp-content\/uploads\/2023\/02\/7-6-768x1566.jpg 768w, https:\/\/cozyheat.ee\/wp-content\/uploads\/2023\/02\/7-6-753x1536.jpg 753w, https:\/\/cozyheat.ee\/wp-content\/uploads\/2023\/02\/7-6-1004x2048.jpg 1004w, https:\/\/cozyheat.ee\/wp-content\/uploads\/2023\/02\/7-6-scaled.jpg 1255w\" sizes=\"auto, (max-width: 502px) 100vw, 502px\" \/><\/figure><\/div>\n\n\n<figure class=\"wp-block-gallery has-nested-images columns-default is-cropped wp-block-gallery-1 is-layout-flex wp-block-gallery-is-layout-flex\">\n<figure class=\"wp-block-image size-large\"><a href=\"https:\/\/cozyheat.ee\/wp-content\/uploads\/2021\/05\/DSC2780-1.jpg\"><img loading=\"lazy\" decoding=\"async\" width=\"1024\" height=\"683\" src=\"https:\/\/cozyheat.ee\/wp-content\/uploads\/2021\/05\/DSC2780-1-1024x683.jpg\" alt=\"\" class=\"wp-image-924\" srcset=\"https:\/\/cozyheat.ee\/wp-content\/uploads\/2021\/05\/DSC2780-1-1024x683.jpg 1024w, https:\/\/cozyheat.ee\/wp-content\/uploads\/2021\/05\/DSC2780-1-300x200.jpg 300w, https:\/\/cozyheat.ee\/wp-content\/uploads\/2021\/05\/DSC2780-1-768x512.jpg 768w, https:\/\/cozyheat.ee\/wp-content\/uploads\/2021\/05\/DSC2780-1-1536x1024.jpg 1536w, https:\/\/cozyheat.ee\/wp-content\/uploads\/2021\/05\/DSC2780-1-930x620.jpg 930w, https:\/\/cozyheat.ee\/wp-content\/uploads\/2021\/05\/DSC2780-1.jpg 1920w\" sizes=\"auto, (max-width: 1024px) 100vw, 1024px\" \/><\/a><\/figure>\n\n\n\n<figure class=\"wp-block-image size-thumbnail\"><a href=\"https:\/\/cozyheat.ee\/wp-content\/uploads\/2023\/02\/1-6-scaled.jpg\"><img loading=\"lazy\" decoding=\"async\" width=\"287\" height=\"1024\" src=\"https:\/\/cozyheat.ee\/wp-content\/uploads\/2023\/02\/1-6-287x1024.jpg\" alt=\"\" class=\"wp-image-1493\" srcset=\"https:\/\/cozyheat.ee\/wp-content\/uploads\/2023\/02\/1-6-287x1024.jpg 287w, https:\/\/cozyheat.ee\/wp-content\/uploads\/2023\/02\/1-6-84x300.jpg 84w, https:\/\/cozyheat.ee\/wp-content\/uploads\/2023\/02\/1-6-768x2743.jpg 768w, https:\/\/cozyheat.ee\/wp-content\/uploads\/2023\/02\/1-6-430x1536.jpg 430w, https:\/\/cozyheat.ee\/wp-content\/uploads\/2023\/02\/1-6-scaled.jpg 717w\" sizes=\"auto, (max-width: 287px) 100vw, 287px\" \/><\/a><\/figure>\n\n\n\n<figure class=\"wp-block-image size-large\"><img loading=\"lazy\" decoding=\"async\" width=\"428\" height=\"1024\" src=\"https:\/\/cozyheat.ee\/wp-content\/uploads\/2023\/02\/2-3-428x1024.jpg\" alt=\"\" class=\"wp-image-1496\" srcset=\"https:\/\/cozyheat.ee\/wp-content\/uploads\/2023\/02\/2-3-428x1024.jpg 428w, https:\/\/cozyheat.ee\/wp-content\/uploads\/2023\/02\/2-3-125x300.jpg 125w, https:\/\/cozyheat.ee\/wp-content\/uploads\/2023\/02\/2-3-768x1836.jpg 768w, https:\/\/cozyheat.ee\/wp-content\/uploads\/2023\/02\/2-3-857x2048.jpg 857w, https:\/\/cozyheat.ee\/wp-content\/uploads\/2023\/02\/2-3-scaled.jpg 1071w\" sizes=\"auto, (max-width: 428px) 100vw, 428px\" \/><\/figure>\n\n\n\n<figure class=\"wp-block-image\"><img decoding=\"async\" src=\"blob:https:\/\/cozyheat.ee\/67ca3f52-24ce-4398-b1ea-a961a226aa6f\" alt=\"\"\/><\/figure>\n\n\n\n<figure class=\"wp-block-image size-thumbnail\"><a href=\"https:\/\/cozyheat.ee\/wp-content\/uploads\/2023\/02\/4-5-scaled.jpg\"><img loading=\"lazy\" decoding=\"async\" width=\"429\" height=\"1024\" src=\"https:\/\/cozyheat.ee\/wp-content\/uploads\/2023\/02\/4-5-429x1024.jpg\" alt=\"\" class=\"wp-image-1495\" srcset=\"https:\/\/cozyheat.ee\/wp-content\/uploads\/2023\/02\/4-5-429x1024.jpg 429w, https:\/\/cozyheat.ee\/wp-content\/uploads\/2023\/02\/4-5-126x300.jpg 126w, https:\/\/cozyheat.ee\/wp-content\/uploads\/2023\/02\/4-5-768x1834.jpg 768w, https:\/\/cozyheat.ee\/wp-content\/uploads\/2023\/02\/4-5-643x1536.jpg 643w, https:\/\/cozyheat.ee\/wp-content\/uploads\/2023\/02\/4-5-858x2048.jpg 858w, https:\/\/cozyheat.ee\/wp-content\/uploads\/2023\/02\/4-5-scaled.jpg 1072w\" sizes=\"auto, (max-width: 429px) 100vw, 429px\" \/><\/a><\/figure>\n\n\n\n<figure class=\"wp-block-image\"><img decoding=\"async\" src=\"blob:https:\/\/cozyheat.ee\/7f5680f4-85db-437f-bda7-df400179b4ca\" alt=\"\"\/><\/figure>\n\n\n\n<figure class=\"wp-block-image\"><img decoding=\"async\" src=\"blob:https:\/\/cozyheat.ee\/f36785d3-725c-476c-bd14-058125b5b63a\" alt=\"\"\/><\/figure>\n\n\n\n<figure class=\"wp-block-image\"><img decoding=\"async\" src=\"blob:https:\/\/cozyheat.ee\/fb400a39-299f-4fc8-8bdd-5a2730a32fc5\" alt=\"\"\/><\/figure>\n\n\n\n<figure class=\"wp-block-image\"><img decoding=\"async\" src=\"blob:https:\/\/cozyheat.ee\/ce1b0e2a-7905-4280-8a8e-1af1936ab721\" alt=\"\"\/><\/figure>\n<\/figure>\n<\/div>\n\n\n\n<div class=\"wp-block-column is-layout-flow wp-block-column-is-layout-flow\">\n<p>Uunimme ovat ainutlaatuisia! Olemme harvoja valmistajia Virossa, joka t\u00e4ytt\u00e4v\u00e4t saksalaiset BIMSCH-sertifikaattivaatimukset T\u00dcV-testiss\u00e4 ilman lis\u00e4laitteita.<\/p>\n\n\n\n<p>Kiuas tarvitsee 25% v\u00e4hemm\u00e4n polttoainetta verrattuna vastaaviin kilpailijoiden kiukaisiin. Testiss\u00e4 tarvittiin jopa 40% v\u00e4hemm\u00e4n polttoainetta!!<\/p>\n\n\n\n<p>Savukaasut ovat 6 x puhtaampia verratuna monen kilpailijan tuotteisiin.<\/p>\n\n\n\n<p>Turvaet\u00e4isyys kiukaan ja palavan materiaalin v\u00e4lill\u00e4 (puumateriaali) on vain 230 mm ilman palosuojaa.<\/p>\n\n\n\n<p>COZY 18 on sopiva&nbsp; -20 m3 kokoiseen saunaan.<\/p>\n\n\n\n<p>Kiuaskivet eiv\u00e4t kuulu hintaan!<\/p>\n\n\n\n<p><\/p>\n\n\n\n<hr class=\"wp-block-separator has-alpha-channel-opacity\"\/>\n\n\n\n<p><\/p>\n\n\n\n<h3 class=\"wp-block-heading\">TEKNISET  TIEDOT<\/h3>\n\n\n\n<figure class=\"wp-block-table\"><table><tbody><tr><td>Teho: <\/td><td>10,1 kW<\/td><\/tr><tr><td>Maksimi t\u00e4ytto:<\/td><td>10 kg<\/td><\/tr><tr><td>Polttoaine:<\/td><td>Puu &#8211; 30cm<\/td><\/tr><tr><td>Kivien m\u00e4\u00e4r\u00e4:<\/td><td>160 kg<\/td><\/tr><\/tbody><\/table><\/figure>\n\n\n\n<h4 class=\"wp-block-heading\">DOKUMENTIT<\/h4>\n\n\n\n<p><\/p>\n\n\n\n<p><a href=\"https:\/\/cozyheat.ee\/wp-content\/uploads\/2022\/09\/HEAT-18-sale-drw.pdf\">COZY18 piirustukse<\/a><a href=\"https:\/\/cozyheat.ee\/wp-content\/uploads\/2023\/09\/COZY-18-all-joonised.pdf\">t<\/a><\/p>\n\n\n\n<p><a href=\"https:\/\/cozyheat.ee\/wp-content\/uploads\/2023\/07\/FI_Manual_COZY12_COZY18.pdf\">COZY18 k\u00e4ytt\u00f6ohj<\/a><a href=\"https:\/\/cozyheat.ee\/wp-content\/uploads\/2023\/09\/FI_Manual_COZY12_COZY18new.pdf\">e<\/a><\/p>\n\n\n\n<p><a href=\"https:\/\/cozyheat.ee\/wp-content\/uploads\/2023\/07\/HEAT18_tehnical_data-ENG.pdf\">COZY18 Suoritustasoilmoitus<\/a><\/p>\n\n\n\n<p><a href=\"https:\/\/cozyheat.ee\/wp-content\/uploads\/2020\/04\/Confirmation_SGO_HEAT12_1BImSchV.pdf\">COZY18 sertifikaatit<\/a><\/p>\n<\/div>\n<\/div>\n\n\n\n<h4 class=\"wp-block-heading has-text-align-center\">KOKKUSOBIVAD TOOTED<\/h4>\n\n\n\n<figure class=\"wp-block-gallery has-nested-images columns-default is-cropped wp-block-gallery-2 is-layout-flex wp-block-gallery-is-layout-flex\"><\/figure>\n","protected":false},"excerpt":{"rendered":"<p>Uunimme ovat ainutlaatuisia! Olemme harvoja valmistajia Virossa, joka t\u00e4ytt\u00e4v\u00e4t saksalaiset BIMSCH-sertifikaattivaatimukset T\u00dcV-testiss\u00e4 ilman lis\u00e4laitteita. Kiuas tarvitsee 25% v\u00e4hemm\u00e4n polttoainetta verrattuna vastaaviin kilpailijoiden kiukaisiin. Testiss\u00e4 tarvittiin jopa 40% v\u00e4hemm\u00e4n polttoainetta!! Savukaasut ovat 6 x puhtaampia verratuna monen kilpailijan tuotteisiin. Turvaet\u00e4isyys kiukaan ja palavan materiaalin v\u00e4lill\u00e4 (puumateriaali) on vain 230 mm ilman palosuojaa. COZY 18 on sopiva&nbsp;&hellip;&nbsp;<a href=\"https:\/\/cozyheat.ee\/fin\/cozy-18-tw\/\" class=\"\" rel=\"bookmark\">Lue lis\u00e4\u00e4 &raquo;<span class=\"screen-reader-text\">COZY 18 TW<\/span><\/a><\/p>\n","protected":false},"author":1,"featured_media":0,"parent":0,"menu_order":0,"comment_status":"closed","ping_status":"closed","template":"","meta":{"_mi_skip_tracking":false,"_monsterinsights_sitenote_active":false,"_monsterinsights_sitenote_note":"","_monsterinsights_sitenote_category":0,"neve_meta_sidebar":"full-width","neve_meta_container":"","neve_meta_enable_content_width":"on","neve_meta_content_width":100,"neve_meta_title_alignment":"","neve_meta_author_avatar":"","neve_post_elements_order":"","neve_meta_disable_header":"","neve_meta_disable_footer":"","neve_meta_disable_title":"","footnotes":""},"class_list":["post-1491","page","type-page","status-publish","hentry"],"yoast_head":"<!-- This site is optimized with the Yoast SEO plugin v21.1 - https:\/\/yoast.com\/wordpress\/plugins\/seo\/ -->\n<title>COZY 18 TW - Cozy Heat O&Uuml;<\/title>\n<meta name=\"robots\" content=\"index, follow, max-snippet:-1, max-image-preview:large, max-video-preview:-1\" \/>\n<link rel=\"canonical\" href=\"https:\/\/cozyheat.ee\/cozy-18-tw\/\" \/>\n<meta property=\"og:locale\" content=\"fi_FI\" \/>\n<meta property=\"og:type\" content=\"article\" \/>\n<meta property=\"og:title\" content=\"COZY 18 TW\" \/>\n<meta property=\"og:description\" content=\"Uunimme ovat ainutlaatuisia! Olemme harvoja valmistajia Virossa, joka t\u00e4ytt\u00e4v\u00e4t saksalaiset BIMSCH-sertifikaattivaatimukset T\u00dcV-testiss\u00e4 ilman lis\u00e4laitteita. Kiuas tarvitsee 25% v\u00e4hemm\u00e4n polttoainetta verrattuna vastaaviin kilpailijoiden kiukaisiin. Testiss\u00e4 tarvittiin jopa 40% v\u00e4hemm\u00e4n polttoainetta!! Savukaasut ovat 6 x puhtaampia verratuna monen kilpailijan tuotteisiin. Turvaet\u00e4isyys kiukaan ja palavan materiaalin v\u00e4lill\u00e4 (puumateriaali) on vain 230 mm ilman palosuojaa. COZY 18 on sopiva&nbsp;&hellip;&nbsp;Lue lis\u00e4\u00e4 &raquo;COZY 18 TW\" \/>\n<meta property=\"og:url\" content=\"https:\/\/cozyheat.ee\/cozy-18-tw\/\" \/>\n<meta property=\"og:site_name\" content=\"Cozy Heat O&Uuml;\" \/>\n<meta property=\"article:modified_time\" content=\"2024-04-18T07:07:27+00:00\" \/>\n<meta property=\"og:image\" content=\"https:\/\/cozyheat.ee\/wp-content\/uploads\/2023\/02\/7-6-502x1024.jpg\" \/>\n<meta name=\"twitter:card\" content=\"summary_large_image\" \/>\n<script type=\"application\/ld+json\" class=\"yoast-schema-graph\">{\"@context\":\"https:\/\/schema.org\",\"@graph\":[{\"@type\":\"WebPage\",\"@id\":\"https:\/\/cozyheat.ee\/cozy-18-tw\/\",\"url\":\"https:\/\/cozyheat.ee\/cozy-18-tw\/\",\"name\":\"[:et]COZY 18 TW[:] - Cozy Heat O&Uuml;\",\"isPartOf\":{\"@id\":\"https:\/\/cozyheat.ee\/#website\"},\"datePublished\":\"2023-02-21T10:40:50+00:00\",\"dateModified\":\"2024-04-18T07:07:27+00:00\",\"breadcrumb\":{\"@id\":\"https:\/\/cozyheat.ee\/cozy-18-tw\/#breadcrumb\"},\"inLanguage\":\"fi\",\"potentialAction\":[{\"@type\":\"ReadAction\",\"target\":[\"https:\/\/cozyheat.ee\/cozy-18-tw\/\"]}]},{\"@type\":\"BreadcrumbList\",\"@id\":\"https:\/\/cozyheat.ee\/cozy-18-tw\/#breadcrumb\",\"itemListElement\":[{\"@type\":\"ListItem\",\"position\":1,\"name\":\"Home\",\"item\":\"https:\/\/cozyheat.ee\/\"},{\"@type\":\"ListItem\",\"position\":2,\"name\":\"COZY 18 TW\"}]},{\"@type\":\"WebSite\",\"@id\":\"https:\/\/cozyheat.ee\/#website\",\"url\":\"https:\/\/cozyheat.ee\/\",\"name\":\"Cozy Heat O&Uuml;\",\"description\":\"Eestimaised saunakerised\",\"publisher\":{\"@id\":\"https:\/\/cozyheat.ee\/#organization\"},\"potentialAction\":[{\"@type\":\"SearchAction\",\"target\":{\"@type\":\"EntryPoint\",\"urlTemplate\":\"https:\/\/cozyheat.ee\/?s={search_term_string}\"},\"query-input\":\"required name=search_term_string\"}],\"inLanguage\":\"fi\"},{\"@type\":\"Organization\",\"@id\":\"https:\/\/cozyheat.ee\/#organization\",\"name\":\"Cozy Heat O&Uuml;\",\"url\":\"https:\/\/cozyheat.ee\/\",\"logo\":{\"@type\":\"ImageObject\",\"inLanguage\":\"fi\",\"@id\":\"https:\/\/cozyheat.ee\/#\/schema\/logo\/image\/\",\"url\":\"https:\/\/cozyheat.ee\/wp-content\/uploads\/2020\/04\/cropped-cozy_lines.png\",\"contentUrl\":\"https:\/\/cozyheat.ee\/wp-content\/uploads\/2020\/04\/cropped-cozy_lines.png\",\"width\":1579,\"height\":418,\"caption\":\"Cozy Heat O&Uuml;\"},\"image\":{\"@id\":\"https:\/\/cozyheat.ee\/#\/schema\/logo\/image\/\"}}]}<\/script>\n<!-- \/ Yoast SEO plugin. -->","yoast_head_json":{"title":"COZY 18 TW - Cozy Heat O&Uuml;","robots":{"index":"index","follow":"follow","max-snippet":"max-snippet:-1","max-image-preview":"max-image-preview:large","max-video-preview":"max-video-preview:-1"},"canonical":"https:\/\/cozyheat.ee\/cozy-18-tw\/","og_locale":"fi_FI","og_type":"article","og_title":"[:et]COZY 18 TW[:] - Cozy Heat O&Uuml;","og_description":"Uunimme ovat ainutlaatuisia! Olemme harvoja valmistajia Virossa, joka t\u00e4ytt\u00e4v\u00e4t saksalaiset BIMSCH-sertifikaattivaatimukset T\u00dcV-testiss\u00e4 ilman lis\u00e4laitteita. Kiuas tarvitsee 25% v\u00e4hemm\u00e4n polttoainetta verrattuna vastaaviin kilpailijoiden kiukaisiin. Testiss\u00e4 tarvittiin jopa 40% v\u00e4hemm\u00e4n polttoainetta!! Savukaasut ovat 6 x puhtaampia verratuna monen kilpailijan tuotteisiin. Turvaet\u00e4isyys kiukaan ja palavan materiaalin v\u00e4lill\u00e4 (puumateriaali) on vain 230 mm ilman palosuojaa. COZY 18 on sopiva&nbsp;&hellip;&nbsp;Lue lis\u00e4\u00e4 &raquo;COZY 18 TW","og_url":"https:\/\/cozyheat.ee\/cozy-18-tw\/","og_site_name":"Cozy Heat O&Uuml;","article_modified_time":"2024-04-18T07:07:27+00:00","og_image":[{"url":"https:\/\/cozyheat.ee\/wp-content\/uploads\/2023\/02\/7-6-502x1024.jpg"}],"twitter_card":"summary_large_image","schema":{"@context":"https:\/\/schema.org","@graph":[{"@type":"WebPage","@id":"https:\/\/cozyheat.ee\/cozy-18-tw\/","url":"https:\/\/cozyheat.ee\/cozy-18-tw\/","name":"[:et]COZY 18 TW[:] - Cozy Heat O&Uuml;","isPartOf":{"@id":"https:\/\/cozyheat.ee\/#website"},"datePublished":"2023-02-21T10:40:50+00:00","dateModified":"2024-04-18T07:07:27+00:00","breadcrumb":{"@id":"https:\/\/cozyheat.ee\/cozy-18-tw\/#breadcrumb"},"inLanguage":"fi","potentialAction":[{"@type":"ReadAction","target":["https:\/\/cozyheat.ee\/cozy-18-tw\/"]}]},{"@type":"BreadcrumbList","@id":"https:\/\/cozyheat.ee\/cozy-18-tw\/#breadcrumb","itemListElement":[{"@type":"ListItem","position":1,"name":"Home","item":"https:\/\/cozyheat.ee\/"},{"@type":"ListItem","position":2,"name":"COZY 18 TW"}]},{"@type":"WebSite","@id":"https:\/\/cozyheat.ee\/#website","url":"https:\/\/cozyheat.ee\/","name":"Cozy Heat O&Uuml;","description":"Eestimaised saunakerised","publisher":{"@id":"https:\/\/cozyheat.ee\/#organization"},"potentialAction":[{"@type":"SearchAction","target":{"@type":"EntryPoint","urlTemplate":"https:\/\/cozyheat.ee\/?s={search_term_string}"},"query-input":"required name=search_term_string"}],"inLanguage":"fi"},{"@type":"Organization","@id":"https:\/\/cozyheat.ee\/#organization","name":"Cozy Heat O&Uuml;","url":"https:\/\/cozyheat.ee\/","logo":{"@type":"ImageObject","inLanguage":"fi","@id":"https:\/\/cozyheat.ee\/#\/schema\/logo\/image\/","url":"https:\/\/cozyheat.ee\/wp-content\/uploads\/2020\/04\/cropped-cozy_lines.png","contentUrl":"https:\/\/cozyheat.ee\/wp-content\/uploads\/2020\/04\/cropped-cozy_lines.png","width":1579,"height":418,"caption":"Cozy Heat O&Uuml;"},"image":{"@id":"https:\/\/cozyheat.ee\/#\/schema\/logo\/image\/"}}]}},"_links":{"self":[{"href":"https:\/\/cozyheat.ee\/fin\/wp-json\/wp\/v2\/pages\/1491","targetHints":{"allow":["GET"]}}],"collection":[{"href":"https:\/\/cozyheat.ee\/fin\/wp-json\/wp\/v2\/pages"}],"about":[{"href":"https:\/\/cozyheat.ee\/fin\/wp-json\/wp\/v2\/types\/page"}],"author":[{"embeddable":true,"href":"https:\/\/cozyheat.ee\/fin\/wp-json\/wp\/v2\/users\/1"}],"replies":[{"embeddable":true,"href":"https:\/\/cozyheat.ee\/fin\/wp-json\/wp\/v2\/comments?post=1491"}],"version-history":[{"count":18,"href":"https:\/\/cozyheat.ee\/fin\/wp-json\/wp\/v2\/pages\/1491\/revisions"}],"predecessor-version":[{"id":1938,"href":"https:\/\/cozyheat.ee\/fin\/wp-json\/wp\/v2\/pages\/1491\/revisions\/1938"}],"wp:attachment":[{"href":"https:\/\/cozyheat.ee\/fin\/wp-json\/wp\/v2\/media?parent=1491"}],"curies":[{"name":"wp","href":"https:\/\/api.w.org\/{rel}","templated":true}]}}