{"id":1442,"date":"2023-02-21T10:24:05","date_gmt":"2023-02-21T10:24:05","guid":{"rendered":"https:\/\/cozyheat.ee\/?page_id=1442"},"modified":"2024-04-18T07:05:42","modified_gmt":"2024-04-18T07:05:42","slug":"cozy-12-quattro-tw-2","status":"publish","type":"page","link":"https:\/\/cozyheat.ee\/fin\/cozy-12-quattro-tw-2\/","title":{"rendered":"COZY 12 Quattro TW"},"content":{"rendered":"\n<div class=\"wp-block-columns is-layout-flex wp-container-core-columns-is-layout-1 wp-block-columns-is-layout-flex\">\n<div class=\"wp-block-column is-layout-flow wp-block-column-is-layout-flow\"><div class=\"wp-block-image is-style-default\">\n<figure class=\"aligncenter size-large\"><img loading=\"lazy\" decoding=\"async\" width=\"538\" height=\"1024\" src=\"https:\/\/cozyheat.ee\/wp-content\/uploads\/2023\/02\/7-1-538x1024.jpg\" alt=\"\" class=\"wp-image-1443\" srcset=\"https:\/\/cozyheat.ee\/wp-content\/uploads\/2023\/02\/7-1-538x1024.jpg 538w, https:\/\/cozyheat.ee\/wp-content\/uploads\/2023\/02\/7-1-158x300.jpg 158w, https:\/\/cozyheat.ee\/wp-content\/uploads\/2023\/02\/7-1-768x1463.jpg 768w, https:\/\/cozyheat.ee\/wp-content\/uploads\/2023\/02\/7-1-806x1536.jpg 806w, https:\/\/cozyheat.ee\/wp-content\/uploads\/2023\/02\/7-1-1075x2048.jpg 1075w, https:\/\/cozyheat.ee\/wp-content\/uploads\/2023\/02\/7-1-scaled.jpg 1344w\" sizes=\"auto, (max-width: 538px) 100vw, 538px\" \/><\/figure><\/div>\n\n\n<p><\/p>\n\n\n\n<figure class=\"wp-block-gallery has-nested-images columns-default is-cropped wp-block-gallery-1 is-layout-flex wp-block-gallery-is-layout-flex\">\n<figure class=\"wp-block-image size-large\"><a href=\"https:\/\/cozyheat.ee\/wp-content\/uploads\/2022\/09\/Cozy12Quadro-1-scaled.jpg\"><img loading=\"lazy\" decoding=\"async\" width=\"632\" height=\"1024\" src=\"https:\/\/cozyheat.ee\/wp-content\/uploads\/2022\/09\/Cozy12Quadro-1-632x1024.jpg\" alt=\"\" class=\"wp-image-1039\" srcset=\"https:\/\/cozyheat.ee\/wp-content\/uploads\/2022\/09\/Cozy12Quadro-1-632x1024.jpg 632w, https:\/\/cozyheat.ee\/wp-content\/uploads\/2022\/09\/Cozy12Quadro-1-185x300.jpg 185w, https:\/\/cozyheat.ee\/wp-content\/uploads\/2022\/09\/Cozy12Quadro-1-768x1245.jpg 768w, https:\/\/cozyheat.ee\/wp-content\/uploads\/2022\/09\/Cozy12Quadro-1-948x1536.jpg 948w, https:\/\/cozyheat.ee\/wp-content\/uploads\/2022\/09\/Cozy12Quadro-1-1264x2048.jpg 1264w, https:\/\/cozyheat.ee\/wp-content\/uploads\/2022\/09\/Cozy12Quadro-1-scaled.jpg 1580w\" sizes=\"auto, (max-width: 632px) 100vw, 632px\" \/><\/a><\/figure>\n\n\n\n<figure class=\"wp-block-image size-large\"><a href=\"https:\/\/cozyheat.ee\/wp-content\/uploads\/2022\/09\/DSC09196.jpg\"><img loading=\"lazy\" decoding=\"async\" width=\"1024\" height=\"683\" src=\"https:\/\/cozyheat.ee\/wp-content\/uploads\/2022\/09\/DSC09196-1024x683.jpg\" alt=\"\" class=\"wp-image-1043\" srcset=\"https:\/\/cozyheat.ee\/wp-content\/uploads\/2022\/09\/DSC09196-1024x683.jpg 1024w, https:\/\/cozyheat.ee\/wp-content\/uploads\/2022\/09\/DSC09196-300x200.jpg 300w, https:\/\/cozyheat.ee\/wp-content\/uploads\/2022\/09\/DSC09196-768x512.jpg 768w, https:\/\/cozyheat.ee\/wp-content\/uploads\/2022\/09\/DSC09196-1536x1024.jpg 1536w, https:\/\/cozyheat.ee\/wp-content\/uploads\/2022\/09\/DSC09196-2048x1366.jpg 2048w, https:\/\/cozyheat.ee\/wp-content\/uploads\/2022\/09\/DSC09196-930x620.jpg 930w\" sizes=\"auto, (max-width: 1024px) 100vw, 1024px\" \/><\/a><\/figure>\n\n\n\n<figure class=\"wp-block-image size-thumbnail\"><a href=\"https:\/\/cozyheat.ee\/wp-content\/uploads\/2023\/02\/1-3-scaled.jpg\"><img loading=\"lazy\" decoding=\"async\" width=\"446\" height=\"1024\" src=\"https:\/\/cozyheat.ee\/wp-content\/uploads\/2023\/02\/1-3-446x1024.jpg\" alt=\"\" class=\"wp-image-1445\" srcset=\"https:\/\/cozyheat.ee\/wp-content\/uploads\/2023\/02\/1-3-446x1024.jpg 446w, https:\/\/cozyheat.ee\/wp-content\/uploads\/2023\/02\/1-3-131x300.jpg 131w, https:\/\/cozyheat.ee\/wp-content\/uploads\/2023\/02\/1-3-768x1762.jpg 768w, https:\/\/cozyheat.ee\/wp-content\/uploads\/2023\/02\/1-3-669x1536.jpg 669w, https:\/\/cozyheat.ee\/wp-content\/uploads\/2023\/02\/1-3-893x2048.jpg 893w, https:\/\/cozyheat.ee\/wp-content\/uploads\/2023\/02\/1-3-scaled.jpg 1116w\" sizes=\"auto, (max-width: 446px) 100vw, 446px\" \/><\/a><\/figure>\n\n\n\n<figure class=\"wp-block-image size-thumbnail\"><a href=\"https:\/\/cozyheat.ee\/wp-content\/uploads\/2023\/02\/2-1-scaled.jpg\"><img loading=\"lazy\" decoding=\"async\" width=\"408\" height=\"1024\" src=\"https:\/\/cozyheat.ee\/wp-content\/uploads\/2023\/02\/2-1-408x1024.jpg\" alt=\"\" class=\"wp-image-1446\" srcset=\"https:\/\/cozyheat.ee\/wp-content\/uploads\/2023\/02\/2-1-408x1024.jpg 408w, https:\/\/cozyheat.ee\/wp-content\/uploads\/2023\/02\/2-1-119x300.jpg 119w, https:\/\/cozyheat.ee\/wp-content\/uploads\/2023\/02\/2-1-768x1928.jpg 768w, https:\/\/cozyheat.ee\/wp-content\/uploads\/2023\/02\/2-1-612x1536.jpg 612w, https:\/\/cozyheat.ee\/wp-content\/uploads\/2023\/02\/2-1-816x2048.jpg 816w, https:\/\/cozyheat.ee\/wp-content\/uploads\/2023\/02\/2-1-scaled.jpg 1020w\" sizes=\"auto, (max-width: 408px) 100vw, 408px\" \/><\/a><\/figure>\n\n\n\n<figure class=\"wp-block-image size-thumbnail\"><a href=\"https:\/\/cozyheat.ee\/wp-content\/uploads\/2023\/02\/3-1-scaled.jpg\"><img loading=\"lazy\" decoding=\"async\" width=\"434\" height=\"1024\" src=\"https:\/\/cozyheat.ee\/wp-content\/uploads\/2023\/02\/3-1-434x1024.jpg\" alt=\"\" class=\"wp-image-1452\" srcset=\"https:\/\/cozyheat.ee\/wp-content\/uploads\/2023\/02\/3-1-434x1024.jpg 434w, https:\/\/cozyheat.ee\/wp-content\/uploads\/2023\/02\/3-1-127x300.jpg 127w, https:\/\/cozyheat.ee\/wp-content\/uploads\/2023\/02\/3-1-768x1811.jpg 768w, https:\/\/cozyheat.ee\/wp-content\/uploads\/2023\/02\/3-1-651x1536.jpg 651w, https:\/\/cozyheat.ee\/wp-content\/uploads\/2023\/02\/3-1-868x2048.jpg 868w, https:\/\/cozyheat.ee\/wp-content\/uploads\/2023\/02\/3-1-scaled.jpg 1085w\" sizes=\"auto, (max-width: 434px) 100vw, 434px\" \/><\/a><\/figure>\n\n\n\n<figure class=\"wp-block-image size-thumbnail\"><a href=\"https:\/\/cozyheat.ee\/wp-content\/uploads\/2023\/02\/5-1-scaled.jpg\"><img loading=\"lazy\" decoding=\"async\" width=\"781\" height=\"1024\" src=\"https:\/\/cozyheat.ee\/wp-content\/uploads\/2023\/02\/5-1-781x1024.jpg\" alt=\"\" class=\"wp-image-1449\" srcset=\"https:\/\/cozyheat.ee\/wp-content\/uploads\/2023\/02\/5-1-781x1024.jpg 781w, https:\/\/cozyheat.ee\/wp-content\/uploads\/2023\/02\/5-1-229x300.jpg 229w, https:\/\/cozyheat.ee\/wp-content\/uploads\/2023\/02\/5-1-768x1007.jpg 768w, https:\/\/cozyheat.ee\/wp-content\/uploads\/2023\/02\/5-1-1171x1536.jpg 1171w, https:\/\/cozyheat.ee\/wp-content\/uploads\/2023\/02\/5-1-1561x2048.jpg 1561w, https:\/\/cozyheat.ee\/wp-content\/uploads\/2023\/02\/5-1-scaled.jpg 1952w\" sizes=\"auto, (max-width: 781px) 100vw, 781px\" \/><\/a><\/figure>\n\n\n\n<figure class=\"wp-block-image size-thumbnail\"><a href=\"https:\/\/cozyheat.ee\/wp-content\/uploads\/2023\/02\/6-1-scaled.jpg\"><img loading=\"lazy\" decoding=\"async\" width=\"1024\" height=\"805\" src=\"https:\/\/cozyheat.ee\/wp-content\/uploads\/2023\/02\/6-1-1024x805.jpg\" alt=\"\" class=\"wp-image-1450\" srcset=\"https:\/\/cozyheat.ee\/wp-content\/uploads\/2023\/02\/6-1-1024x805.jpg 1024w, https:\/\/cozyheat.ee\/wp-content\/uploads\/2023\/02\/6-1-300x236.jpg 300w, https:\/\/cozyheat.ee\/wp-content\/uploads\/2023\/02\/6-1-768x604.jpg 768w, https:\/\/cozyheat.ee\/wp-content\/uploads\/2023\/02\/6-1-1536x1208.jpg 1536w, https:\/\/cozyheat.ee\/wp-content\/uploads\/2023\/02\/6-1-2048x1611.jpg 2048w\" sizes=\"auto, (max-width: 1024px) 100vw, 1024px\" \/><\/a><\/figure>\n\n\n\n<figure class=\"wp-block-image size-thumbnail\"><a href=\"https:\/\/cozyheat.ee\/wp-content\/uploads\/2023\/02\/7-2-scaled.jpg\"><img loading=\"lazy\" decoding=\"async\" width=\"538\" height=\"1024\" src=\"https:\/\/cozyheat.ee\/wp-content\/uploads\/2023\/02\/7-2-538x1024.jpg\" alt=\"\" class=\"wp-image-1453\" srcset=\"https:\/\/cozyheat.ee\/wp-content\/uploads\/2023\/02\/7-2-538x1024.jpg 538w, https:\/\/cozyheat.ee\/wp-content\/uploads\/2023\/02\/7-2-158x300.jpg 158w, https:\/\/cozyheat.ee\/wp-content\/uploads\/2023\/02\/7-2-768x1463.jpg 768w, https:\/\/cozyheat.ee\/wp-content\/uploads\/2023\/02\/7-2-806x1536.jpg 806w, https:\/\/cozyheat.ee\/wp-content\/uploads\/2023\/02\/7-2-1075x2048.jpg 1075w, https:\/\/cozyheat.ee\/wp-content\/uploads\/2023\/02\/7-2-scaled.jpg 1344w\" sizes=\"auto, (max-width: 538px) 100vw, 538px\" \/><\/a><\/figure>\n\n\n\n<figure class=\"wp-block-image size-thumbnail\"><a href=\"https:\/\/cozyheat.ee\/wp-content\/uploads\/2023\/02\/8-scaled.jpg\"><img loading=\"lazy\" decoding=\"async\" width=\"814\" height=\"1024\" src=\"https:\/\/cozyheat.ee\/wp-content\/uploads\/2023\/02\/8-814x1024.jpg\" alt=\"\" class=\"wp-image-1448\" srcset=\"https:\/\/cozyheat.ee\/wp-content\/uploads\/2023\/02\/8-814x1024.jpg 814w, https:\/\/cozyheat.ee\/wp-content\/uploads\/2023\/02\/8-238x300.jpg 238w, https:\/\/cozyheat.ee\/wp-content\/uploads\/2023\/02\/8-768x966.jpg 768w, https:\/\/cozyheat.ee\/wp-content\/uploads\/2023\/02\/8-1221x1536.jpg 1221w, https:\/\/cozyheat.ee\/wp-content\/uploads\/2023\/02\/8-1628x2048.jpg 1628w, https:\/\/cozyheat.ee\/wp-content\/uploads\/2023\/02\/8-scaled.jpg 2035w\" sizes=\"auto, (max-width: 814px) 100vw, 814px\" \/><\/a><\/figure>\n\n\n\n<figure class=\"wp-block-image size-thumbnail\"><a href=\"https:\/\/cozyheat.ee\/wp-content\/uploads\/2023\/02\/9-scaled.jpg\"><img loading=\"lazy\" decoding=\"async\" width=\"808\" height=\"1024\" src=\"https:\/\/cozyheat.ee\/wp-content\/uploads\/2023\/02\/9-808x1024.jpg\" alt=\"\" class=\"wp-image-1454\" srcset=\"https:\/\/cozyheat.ee\/wp-content\/uploads\/2023\/02\/9-808x1024.jpg 808w, https:\/\/cozyheat.ee\/wp-content\/uploads\/2023\/02\/9-237x300.jpg 237w, https:\/\/cozyheat.ee\/wp-content\/uploads\/2023\/02\/9-768x973.jpg 768w, https:\/\/cozyheat.ee\/wp-content\/uploads\/2023\/02\/9-1212x1536.jpg 1212w, https:\/\/cozyheat.ee\/wp-content\/uploads\/2023\/02\/9-1616x2048.jpg 1616w, https:\/\/cozyheat.ee\/wp-content\/uploads\/2023\/02\/9-scaled.jpg 2020w\" sizes=\"auto, (max-width: 808px) 100vw, 808px\" \/><\/a><\/figure>\n\n\n\n<figure class=\"wp-block-image size-thumbnail\"><a href=\"https:\/\/cozyheat.ee\/wp-content\/uploads\/2023\/02\/10-scaled.jpg\"><img loading=\"lazy\" decoding=\"async\" width=\"775\" height=\"1024\" src=\"https:\/\/cozyheat.ee\/wp-content\/uploads\/2023\/02\/10-775x1024.jpg\" alt=\"\" class=\"wp-image-1447\" srcset=\"https:\/\/cozyheat.ee\/wp-content\/uploads\/2023\/02\/10-775x1024.jpg 775w, https:\/\/cozyheat.ee\/wp-content\/uploads\/2023\/02\/10-227x300.jpg 227w, https:\/\/cozyheat.ee\/wp-content\/uploads\/2023\/02\/10-768x1015.jpg 768w, https:\/\/cozyheat.ee\/wp-content\/uploads\/2023\/02\/10-1163x1536.jpg 1163w, https:\/\/cozyheat.ee\/wp-content\/uploads\/2023\/02\/10-1550x2048.jpg 1550w, https:\/\/cozyheat.ee\/wp-content\/uploads\/2023\/02\/10-scaled.jpg 1938w\" sizes=\"auto, (max-width: 775px) 100vw, 775px\" \/><\/a><\/figure>\n\n\n\n<figure class=\"wp-block-image size-thumbnail\"><a href=\"https:\/\/cozyheat.ee\/wp-content\/uploads\/2023\/02\/11-scaled.jpg\"><img loading=\"lazy\" decoding=\"async\" width=\"1024\" height=\"990\" src=\"https:\/\/cozyheat.ee\/wp-content\/uploads\/2023\/02\/11-1024x990.jpg\" alt=\"\" class=\"wp-image-1451\" srcset=\"https:\/\/cozyheat.ee\/wp-content\/uploads\/2023\/02\/11-1024x990.jpg 1024w, https:\/\/cozyheat.ee\/wp-content\/uploads\/2023\/02\/11-300x290.jpg 300w, https:\/\/cozyheat.ee\/wp-content\/uploads\/2023\/02\/11-768x742.jpg 768w, https:\/\/cozyheat.ee\/wp-content\/uploads\/2023\/02\/11-1536x1485.jpg 1536w, https:\/\/cozyheat.ee\/wp-content\/uploads\/2023\/02\/11-2048x1979.jpg 2048w\" sizes=\"auto, (max-width: 1024px) 100vw, 1024px\" \/><\/a><\/figure>\n\n\n\n<figure class=\"wp-block-image size-thumbnail\"><a href=\"https:\/\/cozyheat.ee\/wp-content\/uploads\/2023\/02\/12-scaled.jpg\"><img loading=\"lazy\" decoding=\"async\" width=\"809\" height=\"1024\" src=\"https:\/\/cozyheat.ee\/wp-content\/uploads\/2023\/02\/12-809x1024.jpg\" alt=\"\" class=\"wp-image-1455\" srcset=\"https:\/\/cozyheat.ee\/wp-content\/uploads\/2023\/02\/12-809x1024.jpg 809w, https:\/\/cozyheat.ee\/wp-content\/uploads\/2023\/02\/12-237x300.jpg 237w, https:\/\/cozyheat.ee\/wp-content\/uploads\/2023\/02\/12-768x973.jpg 768w, https:\/\/cozyheat.ee\/wp-content\/uploads\/2023\/02\/12-1213x1536.jpg 1213w, https:\/\/cozyheat.ee\/wp-content\/uploads\/2023\/02\/12-1617x2048.jpg 1617w, https:\/\/cozyheat.ee\/wp-content\/uploads\/2023\/02\/12-scaled.jpg 2021w\" sizes=\"auto, (max-width: 809px) 100vw, 809px\" \/><\/a><\/figure>\n\n\n\n<figure class=\"wp-block-image size-thumbnail\"><a href=\"https:\/\/cozyheat.ee\/wp-content\/uploads\/2023\/02\/4-1-scaled.jpg\"><img loading=\"lazy\" decoding=\"async\" width=\"408\" height=\"1024\" src=\"https:\/\/cozyheat.ee\/wp-content\/uploads\/2023\/02\/4-1-408x1024.jpg\" alt=\"\" class=\"wp-image-1456\" srcset=\"https:\/\/cozyheat.ee\/wp-content\/uploads\/2023\/02\/4-1-408x1024.jpg 408w, https:\/\/cozyheat.ee\/wp-content\/uploads\/2023\/02\/4-1-120x300.jpg 120w, https:\/\/cozyheat.ee\/wp-content\/uploads\/2023\/02\/4-1-768x1925.jpg 768w, https:\/\/cozyheat.ee\/wp-content\/uploads\/2023\/02\/4-1-817x2048.jpg 817w, https:\/\/cozyheat.ee\/wp-content\/uploads\/2023\/02\/4-1-scaled.jpg 1021w\" sizes=\"auto, (max-width: 408px) 100vw, 408px\" \/><\/a><\/figure>\n<\/figure>\n<\/div>\n\n\n\n<div class=\"wp-block-column is-layout-flow wp-block-column-is-layout-flow\">\n<p>Uunimme ovat ainutlaatuisia! Olemme harvoja valmistajia Virossa, joka t\u00e4ytt\u00e4v\u00e4t saksalaiset BIMSCH-sertifikaattivaatimukset T\u00dcV-testiss\u00e4 ilman lis\u00e4laitteita.<\/p>\n\n\n\n<p>Kiuas tarvitsee 25% v\u00e4hemm\u00e4n polttoainetta verrattuna vastaaviin kilpailijoiden kiukaisiin. Testiss\u00e4 tarvittiin jopa 40% v\u00e4hemm\u00e4n polttoainetta!!<\/p>\n\n\n\n<p>Savukaasut ovat 6 x puhtaampia verratuna monen kilpailijan tuotteisiin.<\/p>\n\n\n\n<p>Turvaet\u00e4isyys kiukaan ja palavan materiaalin v\u00e4lill\u00e4 (puumateriaali) on vain 170 mm ilman palosuojaa.<\/p>\n\n\n\n<p>COZY 12 on sopiva&nbsp; 6-13 m3 kokoiseen saunaan.<\/p>\n\n\n\n<p>Kiuaskivet eiv\u00e4t kuulu hintaan!<\/p>\n\n\n\n<p><\/p>\n\n\n\n<hr class=\"wp-block-separator has-alpha-channel-opacity\"\/>\n\n\n\n<p><\/p>\n\n\n\n<h3 class=\"wp-block-heading\">TEKNISET  TIEDOT<\/h3>\n\n\n\n<figure class=\"wp-block-table\"><table><tbody><tr><td>Teho: <\/td><td>11,5 kW<\/td><\/tr><tr><td>Maksimi t\u00e4ytto:<\/td><td>8 kg<\/td><\/tr><tr><td>Polttoaine:<\/td><td>Puu &#8211; 30cm<\/td><\/tr><tr><td>Kivien m\u00e4\u00e4r\u00e4:<\/td><td>120 kg<\/td><\/tr><\/tbody><\/table><\/figure>\n\n\n\n<h4 class=\"wp-block-heading\">DOKUMENTIT<\/h4>\n\n\n\n<p><a href=\"https:\/\/cozyheat.ee\/wp-content\/uploads\/2022\/09\/COZY-12-sale-06.09.2022.pdf\">COZY12 piirustuks<\/a><a href=\"https:\/\/cozyheat.ee\/wp-content\/uploads\/2023\/09\/COZY-12-ALL-joonised.pdf\">et<\/a><\/p>\n\n\n\n<p><a href=\"https:\/\/cozyheat.ee\/wp-content\/uploads\/2023\/07\/FI_Manual_COZY12_COZY18.pdf\">COZY12 k\u00e4ytt\u00f6oh<\/a><a href=\"https:\/\/cozyheat.ee\/wp-content\/uploads\/2023\/09\/FI_Manual_COZY12_COZY18new.pdf\">je<\/a><\/p>\n\n\n\n<p><a href=\"https:\/\/cozyheat.ee\/wp-content\/uploads\/2023\/07\/HEAT12_tehnical_data-EN.pdf\">COZY12 Suoritustasoilmoitus<\/a><\/p>\n\n\n\n<p><a href=\"https:\/\/cozyheat.ee\/wp-content\/uploads\/2020\/04\/Confirmation_SGO_HEAT12_1BImSchV.pdf\">COZY12 sertifikaatit<\/a><\/p>\n<\/div>\n<\/div>\n\n\n\n<h4 class=\"wp-block-heading has-text-align-center\">KOKKUSOBIVAD TOOTED<\/h4>\n\n\n\n<figure class=\"wp-block-gallery has-nested-images columns-default is-cropped wp-block-gallery-2 is-layout-flex wp-block-gallery-is-layout-flex\"><\/figure>\n","protected":false},"excerpt":{"rendered":"<p>Uunimme ovat ainutlaatuisia! Olemme harvoja valmistajia Virossa, joka t\u00e4ytt\u00e4v\u00e4t saksalaiset BIMSCH-sertifikaattivaatimukset T\u00dcV-testiss\u00e4 ilman lis\u00e4laitteita. Kiuas tarvitsee 25% v\u00e4hemm\u00e4n polttoainetta verrattuna vastaaviin kilpailijoiden kiukaisiin. Testiss\u00e4 tarvittiin jopa 40% v\u00e4hemm\u00e4n polttoainetta!! Savukaasut ovat 6 x puhtaampia verratuna monen kilpailijan tuotteisiin. Turvaet\u00e4isyys kiukaan ja palavan materiaalin v\u00e4lill\u00e4 (puumateriaali) on vain 170 mm ilman palosuojaa. COZY 12 on sopiva&nbsp;&hellip;&nbsp;<a href=\"https:\/\/cozyheat.ee\/fin\/cozy-12-quattro-tw-2\/\" class=\"\" rel=\"bookmark\">Lue lis\u00e4\u00e4 &raquo;<span class=\"screen-reader-text\">COZY 12 Quattro TW<\/span><\/a><\/p>\n","protected":false},"author":1,"featured_media":0,"parent":0,"menu_order":0,"comment_status":"closed","ping_status":"closed","template":"","meta":{"_mi_skip_tracking":false,"_monsterinsights_sitenote_active":false,"_monsterinsights_sitenote_note":"","_monsterinsights_sitenote_category":0,"neve_meta_sidebar":"full-width","neve_meta_container":"","neve_meta_enable_content_width":"on","neve_meta_content_width":100,"neve_meta_title_alignment":"","neve_meta_author_avatar":"","neve_post_elements_order":"","neve_meta_disable_header":"","neve_meta_disable_footer":"","neve_meta_disable_title":"","footnotes":""},"class_list":["post-1442","page","type-page","status-publish","hentry"],"yoast_head":"<!-- This site is optimized with the Yoast SEO plugin v21.1 - https:\/\/yoast.com\/wordpress\/plugins\/seo\/ -->\n<title>COZY 12 Quattro TW - Cozy Heat O&Uuml;<\/title>\n<meta name=\"robots\" content=\"index, follow, max-snippet:-1, max-image-preview:large, max-video-preview:-1\" \/>\n<link rel=\"canonical\" href=\"https:\/\/cozyheat.ee\/cozy-12-quattro-tw-2\/\" \/>\n<meta property=\"og:locale\" content=\"fi_FI\" \/>\n<meta property=\"og:type\" content=\"article\" \/>\n<meta property=\"og:title\" content=\"COZY 12 Quattro TW\" \/>\n<meta property=\"og:description\" content=\"Uunimme ovat ainutlaatuisia! Olemme harvoja valmistajia Virossa, joka t\u00e4ytt\u00e4v\u00e4t saksalaiset BIMSCH-sertifikaattivaatimukset T\u00dcV-testiss\u00e4 ilman lis\u00e4laitteita. Kiuas tarvitsee 25% v\u00e4hemm\u00e4n polttoainetta verrattuna vastaaviin kilpailijoiden kiukaisiin. Testiss\u00e4 tarvittiin jopa 40% v\u00e4hemm\u00e4n polttoainetta!! Savukaasut ovat 6 x puhtaampia verratuna monen kilpailijan tuotteisiin. Turvaet\u00e4isyys kiukaan ja palavan materiaalin v\u00e4lill\u00e4 (puumateriaali) on vain 170 mm ilman palosuojaa. COZY 12 on sopiva&nbsp;&hellip;&nbsp;Lue lis\u00e4\u00e4 &raquo;COZY 12 Quattro TW\" \/>\n<meta property=\"og:url\" content=\"https:\/\/cozyheat.ee\/cozy-12-quattro-tw-2\/\" \/>\n<meta property=\"og:site_name\" content=\"Cozy Heat O&Uuml;\" \/>\n<meta property=\"article:modified_time\" content=\"2024-04-18T07:05:42+00:00\" \/>\n<meta property=\"og:image\" content=\"https:\/\/cozyheat.ee\/wp-content\/uploads\/2023\/02\/7-1-538x1024.jpg\" \/>\n<meta name=\"twitter:card\" content=\"summary_large_image\" \/>\n<script type=\"application\/ld+json\" class=\"yoast-schema-graph\">{\"@context\":\"https:\/\/schema.org\",\"@graph\":[{\"@type\":\"WebPage\",\"@id\":\"https:\/\/cozyheat.ee\/cozy-12-quattro-tw-2\/\",\"url\":\"https:\/\/cozyheat.ee\/cozy-12-quattro-tw-2\/\",\"name\":\"[:et]COZY 12 Quattro TW[:] - Cozy Heat O&Uuml;\",\"isPartOf\":{\"@id\":\"https:\/\/cozyheat.ee\/#website\"},\"datePublished\":\"2023-02-21T10:24:05+00:00\",\"dateModified\":\"2024-04-18T07:05:42+00:00\",\"breadcrumb\":{\"@id\":\"https:\/\/cozyheat.ee\/cozy-12-quattro-tw-2\/#breadcrumb\"},\"inLanguage\":\"fi\",\"potentialAction\":[{\"@type\":\"ReadAction\",\"target\":[\"https:\/\/cozyheat.ee\/cozy-12-quattro-tw-2\/\"]}]},{\"@type\":\"BreadcrumbList\",\"@id\":\"https:\/\/cozyheat.ee\/cozy-12-quattro-tw-2\/#breadcrumb\",\"itemListElement\":[{\"@type\":\"ListItem\",\"position\":1,\"name\":\"Home\",\"item\":\"https:\/\/cozyheat.ee\/\"},{\"@type\":\"ListItem\",\"position\":2,\"name\":\"COZY 12 Quattro TW\"}]},{\"@type\":\"WebSite\",\"@id\":\"https:\/\/cozyheat.ee\/#website\",\"url\":\"https:\/\/cozyheat.ee\/\",\"name\":\"Cozy Heat O&Uuml;\",\"description\":\"Eestimaised saunakerised\",\"publisher\":{\"@id\":\"https:\/\/cozyheat.ee\/#organization\"},\"potentialAction\":[{\"@type\":\"SearchAction\",\"target\":{\"@type\":\"EntryPoint\",\"urlTemplate\":\"https:\/\/cozyheat.ee\/?s={search_term_string}\"},\"query-input\":\"required name=search_term_string\"}],\"inLanguage\":\"fi\"},{\"@type\":\"Organization\",\"@id\":\"https:\/\/cozyheat.ee\/#organization\",\"name\":\"Cozy Heat O&Uuml;\",\"url\":\"https:\/\/cozyheat.ee\/\",\"logo\":{\"@type\":\"ImageObject\",\"inLanguage\":\"fi\",\"@id\":\"https:\/\/cozyheat.ee\/#\/schema\/logo\/image\/\",\"url\":\"https:\/\/cozyheat.ee\/wp-content\/uploads\/2020\/04\/cropped-cozy_lines.png\",\"contentUrl\":\"https:\/\/cozyheat.ee\/wp-content\/uploads\/2020\/04\/cropped-cozy_lines.png\",\"width\":1579,\"height\":418,\"caption\":\"Cozy Heat O&Uuml;\"},\"image\":{\"@id\":\"https:\/\/cozyheat.ee\/#\/schema\/logo\/image\/\"}}]}<\/script>\n<!-- \/ Yoast SEO plugin. -->","yoast_head_json":{"title":"COZY 12 Quattro TW - Cozy Heat O&Uuml;","robots":{"index":"index","follow":"follow","max-snippet":"max-snippet:-1","max-image-preview":"max-image-preview:large","max-video-preview":"max-video-preview:-1"},"canonical":"https:\/\/cozyheat.ee\/cozy-12-quattro-tw-2\/","og_locale":"fi_FI","og_type":"article","og_title":"[:et]COZY 12 Quattro TW[:] - Cozy Heat O&Uuml;","og_description":"Uunimme ovat ainutlaatuisia! Olemme harvoja valmistajia Virossa, joka t\u00e4ytt\u00e4v\u00e4t saksalaiset BIMSCH-sertifikaattivaatimukset T\u00dcV-testiss\u00e4 ilman lis\u00e4laitteita. Kiuas tarvitsee 25% v\u00e4hemm\u00e4n polttoainetta verrattuna vastaaviin kilpailijoiden kiukaisiin. Testiss\u00e4 tarvittiin jopa 40% v\u00e4hemm\u00e4n polttoainetta!! Savukaasut ovat 6 x puhtaampia verratuna monen kilpailijan tuotteisiin. Turvaet\u00e4isyys kiukaan ja palavan materiaalin v\u00e4lill\u00e4 (puumateriaali) on vain 170 mm ilman palosuojaa. COZY 12 on sopiva&nbsp;&hellip;&nbsp;Lue lis\u00e4\u00e4 &raquo;COZY 12 Quattro TW","og_url":"https:\/\/cozyheat.ee\/cozy-12-quattro-tw-2\/","og_site_name":"Cozy Heat O&Uuml;","article_modified_time":"2024-04-18T07:05:42+00:00","og_image":[{"url":"https:\/\/cozyheat.ee\/wp-content\/uploads\/2023\/02\/7-1-538x1024.jpg"}],"twitter_card":"summary_large_image","schema":{"@context":"https:\/\/schema.org","@graph":[{"@type":"WebPage","@id":"https:\/\/cozyheat.ee\/cozy-12-quattro-tw-2\/","url":"https:\/\/cozyheat.ee\/cozy-12-quattro-tw-2\/","name":"[:et]COZY 12 Quattro TW[:] - Cozy Heat O&Uuml;","isPartOf":{"@id":"https:\/\/cozyheat.ee\/#website"},"datePublished":"2023-02-21T10:24:05+00:00","dateModified":"2024-04-18T07:05:42+00:00","breadcrumb":{"@id":"https:\/\/cozyheat.ee\/cozy-12-quattro-tw-2\/#breadcrumb"},"inLanguage":"fi","potentialAction":[{"@type":"ReadAction","target":["https:\/\/cozyheat.ee\/cozy-12-quattro-tw-2\/"]}]},{"@type":"BreadcrumbList","@id":"https:\/\/cozyheat.ee\/cozy-12-quattro-tw-2\/#breadcrumb","itemListElement":[{"@type":"ListItem","position":1,"name":"Home","item":"https:\/\/cozyheat.ee\/"},{"@type":"ListItem","position":2,"name":"COZY 12 Quattro TW"}]},{"@type":"WebSite","@id":"https:\/\/cozyheat.ee\/#website","url":"https:\/\/cozyheat.ee\/","name":"Cozy Heat O&Uuml;","description":"Eestimaised saunakerised","publisher":{"@id":"https:\/\/cozyheat.ee\/#organization"},"potentialAction":[{"@type":"SearchAction","target":{"@type":"EntryPoint","urlTemplate":"https:\/\/cozyheat.ee\/?s={search_term_string}"},"query-input":"required name=search_term_string"}],"inLanguage":"fi"},{"@type":"Organization","@id":"https:\/\/cozyheat.ee\/#organization","name":"Cozy Heat O&Uuml;","url":"https:\/\/cozyheat.ee\/","logo":{"@type":"ImageObject","inLanguage":"fi","@id":"https:\/\/cozyheat.ee\/#\/schema\/logo\/image\/","url":"https:\/\/cozyheat.ee\/wp-content\/uploads\/2020\/04\/cropped-cozy_lines.png","contentUrl":"https:\/\/cozyheat.ee\/wp-content\/uploads\/2020\/04\/cropped-cozy_lines.png","width":1579,"height":418,"caption":"Cozy Heat O&Uuml;"},"image":{"@id":"https:\/\/cozyheat.ee\/#\/schema\/logo\/image\/"}}]}},"_links":{"self":[{"href":"https:\/\/cozyheat.ee\/fin\/wp-json\/wp\/v2\/pages\/1442","targetHints":{"allow":["GET"]}}],"collection":[{"href":"https:\/\/cozyheat.ee\/fin\/wp-json\/wp\/v2\/pages"}],"about":[{"href":"https:\/\/cozyheat.ee\/fin\/wp-json\/wp\/v2\/types\/page"}],"author":[{"embeddable":true,"href":"https:\/\/cozyheat.ee\/fin\/wp-json\/wp\/v2\/users\/1"}],"replies":[{"embeddable":true,"href":"https:\/\/cozyheat.ee\/fin\/wp-json\/wp\/v2\/comments?post=1442"}],"version-history":[{"count":14,"href":"https:\/\/cozyheat.ee\/fin\/wp-json\/wp\/v2\/pages\/1442\/revisions"}],"predecessor-version":[{"id":1929,"href":"https:\/\/cozyheat.ee\/fin\/wp-json\/wp\/v2\/pages\/1442\/revisions\/1929"}],"wp:attachment":[{"href":"https:\/\/cozyheat.ee\/fin\/wp-json\/wp\/v2\/media?parent=1442"}],"curies":[{"name":"wp","href":"https:\/\/api.w.org\/{rel}","templated":true}]}}