{"id":1054,"date":"2022-09-01T09:54:33","date_gmt":"2022-09-01T09:54:33","guid":{"rendered":"https:\/\/cozyheat.ee\/?page_id=1054"},"modified":"2024-04-18T07:05:03","modified_gmt":"2024-04-18T07:05:03","slug":"saunaahi-cozy18-og-tw","status":"publish","type":"page","link":"https:\/\/cozyheat.ee\/fin\/saunaahi-cozy18-og-tw\/","title":{"rendered":"Kiuas COZY18 OG-TW"},"content":{"rendered":"\n<div class=\"wp-block-columns is-layout-flex wp-container-core-columns-is-layout-1 wp-block-columns-is-layout-flex\">\n<div class=\"wp-block-column is-layout-flow wp-block-column-is-layout-flow\"><div class=\"wp-block-image is-style-default\">\n<figure class=\"aligncenter size-large\"><img loading=\"lazy\" decoding=\"async\" width=\"768\" height=\"1024\" src=\"https:\/\/cozyheat.ee\/wp-content\/uploads\/2022\/09\/Cozy18OG-TW_2-768x1024.jpg\" alt=\"\" class=\"wp-image-1055\" srcset=\"https:\/\/cozyheat.ee\/wp-content\/uploads\/2022\/09\/Cozy18OG-TW_2-768x1024.jpg 768w, https:\/\/cozyheat.ee\/wp-content\/uploads\/2022\/09\/Cozy18OG-TW_2-225x300.jpg 225w, https:\/\/cozyheat.ee\/wp-content\/uploads\/2022\/09\/Cozy18OG-TW_2-1152x1536.jpg 1152w, https:\/\/cozyheat.ee\/wp-content\/uploads\/2022\/09\/Cozy18OG-TW_2-1536x2048.jpg 1536w, https:\/\/cozyheat.ee\/wp-content\/uploads\/2022\/09\/Cozy18OG-TW_2-scaled.jpg 1920w\" sizes=\"auto, (max-width: 768px) 100vw, 768px\" \/><\/figure><\/div>\n\n\n<figure class=\"wp-block-gallery has-nested-images columns-default is-cropped wp-block-gallery-1 is-layout-flex wp-block-gallery-is-layout-flex\">\n<figure class=\"wp-block-image size-large\"><a href=\"https:\/\/cozyheat.ee\/wp-content\/uploads\/2022\/09\/Cozy18OG-TW_2-1-scaled.jpg\"><img loading=\"lazy\" decoding=\"async\" width=\"768\" height=\"1024\" src=\"https:\/\/cozyheat.ee\/wp-content\/uploads\/2022\/09\/Cozy18OG-TW_2-1-768x1024.jpg\" alt=\"\" class=\"wp-image-1056\" srcset=\"https:\/\/cozyheat.ee\/wp-content\/uploads\/2022\/09\/Cozy18OG-TW_2-1-768x1024.jpg 768w, https:\/\/cozyheat.ee\/wp-content\/uploads\/2022\/09\/Cozy18OG-TW_2-1-225x300.jpg 225w, https:\/\/cozyheat.ee\/wp-content\/uploads\/2022\/09\/Cozy18OG-TW_2-1-1152x1536.jpg 1152w, https:\/\/cozyheat.ee\/wp-content\/uploads\/2022\/09\/Cozy18OG-TW_2-1-1536x2048.jpg 1536w, https:\/\/cozyheat.ee\/wp-content\/uploads\/2022\/09\/Cozy18OG-TW_2-1-scaled.jpg 1920w\" sizes=\"auto, (max-width: 768px) 100vw, 768px\" \/><\/a><\/figure>\n\n\n\n<figure class=\"wp-block-image size-large\"><a href=\"https:\/\/cozyheat.ee\/wp-content\/uploads\/2022\/09\/Cozy18OG-TW_1-scaled.jpg\"><img loading=\"lazy\" decoding=\"async\" width=\"768\" height=\"1024\" src=\"https:\/\/cozyheat.ee\/wp-content\/uploads\/2022\/09\/Cozy18OG-TW_1-768x1024.jpg\" alt=\"\" class=\"wp-image-1057\" srcset=\"https:\/\/cozyheat.ee\/wp-content\/uploads\/2022\/09\/Cozy18OG-TW_1-768x1024.jpg 768w, https:\/\/cozyheat.ee\/wp-content\/uploads\/2022\/09\/Cozy18OG-TW_1-225x300.jpg 225w, https:\/\/cozyheat.ee\/wp-content\/uploads\/2022\/09\/Cozy18OG-TW_1-1152x1536.jpg 1152w, https:\/\/cozyheat.ee\/wp-content\/uploads\/2022\/09\/Cozy18OG-TW_1-1536x2048.jpg 1536w, https:\/\/cozyheat.ee\/wp-content\/uploads\/2022\/09\/Cozy18OG-TW_1-scaled.jpg 1920w\" sizes=\"auto, (max-width: 768px) 100vw, 768px\" \/><\/a><\/figure>\n\n\n\n<figure class=\"wp-block-image size-large\"><a href=\"https:\/\/cozyheat.ee\/wp-content\/uploads\/2022\/09\/Cozy18OG-TW-scaled.jpg\"><img loading=\"lazy\" decoding=\"async\" width=\"768\" height=\"1024\" src=\"https:\/\/cozyheat.ee\/wp-content\/uploads\/2022\/09\/Cozy18OG-TW-768x1024.jpg\" alt=\"\" class=\"wp-image-1058\" srcset=\"https:\/\/cozyheat.ee\/wp-content\/uploads\/2022\/09\/Cozy18OG-TW-768x1024.jpg 768w, https:\/\/cozyheat.ee\/wp-content\/uploads\/2022\/09\/Cozy18OG-TW-225x300.jpg 225w, https:\/\/cozyheat.ee\/wp-content\/uploads\/2022\/09\/Cozy18OG-TW-1152x1536.jpg 1152w, https:\/\/cozyheat.ee\/wp-content\/uploads\/2022\/09\/Cozy18OG-TW-1536x2048.jpg 1536w, https:\/\/cozyheat.ee\/wp-content\/uploads\/2022\/09\/Cozy18OG-TW-scaled.jpg 1920w\" sizes=\"auto, (max-width: 768px) 100vw, 768px\" \/><\/a><\/figure>\n\n\n\n<figure class=\"wp-block-image size-large\"><a href=\"https:\/\/cozyheat.ee\/wp-content\/uploads\/2021\/05\/DSC2768-1.jpg\"><img loading=\"lazy\" decoding=\"async\" width=\"1024\" height=\"683\" src=\"https:\/\/cozyheat.ee\/wp-content\/uploads\/2021\/05\/DSC2768-1-1024x683.jpg\" alt=\"\" class=\"wp-image-922\" srcset=\"https:\/\/cozyheat.ee\/wp-content\/uploads\/2021\/05\/DSC2768-1-1024x683.jpg 1024w, https:\/\/cozyheat.ee\/wp-content\/uploads\/2021\/05\/DSC2768-1-300x200.jpg 300w, https:\/\/cozyheat.ee\/wp-content\/uploads\/2021\/05\/DSC2768-1-768x512.jpg 768w, https:\/\/cozyheat.ee\/wp-content\/uploads\/2021\/05\/DSC2768-1-1536x1024.jpg 1536w, https:\/\/cozyheat.ee\/wp-content\/uploads\/2021\/05\/DSC2768-1-930x620.jpg 930w, https:\/\/cozyheat.ee\/wp-content\/uploads\/2021\/05\/DSC2768-1.jpg 1920w\" sizes=\"auto, (max-width: 1024px) 100vw, 1024px\" \/><\/a><\/figure>\n\n\n\n<figure class=\"wp-block-image size-large\"><a href=\"https:\/\/cozyheat.ee\/wp-content\/uploads\/2021\/05\/DSC2780-1.jpg\"><img loading=\"lazy\" decoding=\"async\" width=\"1024\" height=\"683\" src=\"https:\/\/cozyheat.ee\/wp-content\/uploads\/2021\/05\/DSC2780-1-1024x683.jpg\" alt=\"\" class=\"wp-image-924\" srcset=\"https:\/\/cozyheat.ee\/wp-content\/uploads\/2021\/05\/DSC2780-1-1024x683.jpg 1024w, https:\/\/cozyheat.ee\/wp-content\/uploads\/2021\/05\/DSC2780-1-300x200.jpg 300w, https:\/\/cozyheat.ee\/wp-content\/uploads\/2021\/05\/DSC2780-1-768x512.jpg 768w, https:\/\/cozyheat.ee\/wp-content\/uploads\/2021\/05\/DSC2780-1-1536x1024.jpg 1536w, https:\/\/cozyheat.ee\/wp-content\/uploads\/2021\/05\/DSC2780-1-930x620.jpg 930w, https:\/\/cozyheat.ee\/wp-content\/uploads\/2021\/05\/DSC2780-1.jpg 1920w\" sizes=\"auto, (max-width: 1024px) 100vw, 1024px\" \/><\/a><\/figure>\n<\/figure>\n<\/div>\n\n\n\n<div class=\"wp-block-column is-layout-flow wp-block-column-is-layout-flow\">\n<p>Saunaahjul on ilma lisaseadmeteta saavutatud T\u00dcV testis tulemus, millega ahjul on Saksa Bimsch sertifikaat.<br>Keris kulutab ca 25 % v\u00e4hem k\u00fctet kui teised samalaadsed kerised. Testis saavutati tulemus koguni 40% v\u00e4hem.<\/p>\n\n\n\n<p>\u00dchtlasi on ohutuskuja tulet\u00f5rje m\u00f5istes sel ahjul Eesti v\u00e4ikseim, vaid 23 cm p\u00f5levast materjalist (puit) ilma mingite lisakaitse seinteta<\/p>\n\n\n\n<p>COZY 12 on sobiv saunale kuni 20 m3<\/p>\n\n\n\n<p>Kivid ei ole komplektiga kaasas!<\/p>\n\n\n\n<p><\/p>\n\n\n\n<hr class=\"wp-block-separator has-alpha-channel-opacity\"\/>\n\n\n\n<p><\/p>\n\n\n\n<h3 class=\"wp-block-heading\">TEHNILISED ANDMED<\/h3>\n\n\n\n<figure class=\"wp-block-table\"><table><tbody><tr><td>Nimiv\u00f5imsus: <\/td><td>10,1 kW<\/td><\/tr><tr><td>Maksimaalne k\u00fctuse kogus:<\/td><td>10 kg<\/td><\/tr><tr><td>K\u00fctus:<\/td><td>Puuhalud &#8211; 30cm<\/td><\/tr><tr><td>Kivide kogus:<\/td><td>160 kg<\/td><\/tr><\/tbody><\/table><\/figure>\n\n\n\n<h4 class=\"wp-block-heading\">DOKUMENTATSIOON<\/h4>\n\n\n\n<p><a href=\"https:\/\/cozyheat.ee\/wp-content\/uploads\/2022\/09\/HEAT-18-sale-drw.pdf\">COZY18 joonised<\/a><\/p>\n\n\n\n<p><a href=\"https:\/\/cozyheat.ee\/wp-content\/uploads\/2020\/04\/EST_kasutusjuhend_HEAT_12.pdf\" target=\"_blank\" rel=\"noreferrer noopener\">COZY18 kasutusjuhend<\/a><\/p>\n\n\n\n<p><a href=\"https:\/\/cozyheat.ee\/wp-content\/uploads\/2022\/09\/Cozy-12-ja-18-paigaldusjuhend.docx.pdf\" target=\"_blank\" rel=\"noreferrer noopener\">COZY 18 paigaldusjuhend<\/a><\/p>\n\n\n\n<p><a href=\"https:\/\/cozyheat.ee\/wp-content\/uploads\/2020\/04\/Confirmation_SGO_HEAT12_1BImSchV.pdf\">COZY18 sertifikaat<\/a><\/p>\n<\/div>\n<\/div>\n\n\n\n<h4 class=\"has-text-align-center wp-block-heading\">KOKKUSOBIVAD TOOTED<\/h4>\n\n\n\n<figure class=\"wp-block-gallery has-nested-images columns-default is-cropped wp-block-gallery-2 is-layout-flex wp-block-gallery-is-layout-flex\">\n<figure class=\"wp-block-image size-thumbnail\"><a href=\"https:\/\/cozyheat.ee\/wp-content\/uploads\/2022\/09\/20-1-scaled.jpg\"><img loading=\"lazy\" decoding=\"async\" width=\"401\" height=\"1024\" data-id=\"1213\" src=\"https:\/\/cozyheat.ee\/wp-content\/uploads\/2022\/09\/20-1-401x1024.jpg\" alt=\"\" class=\"wp-image-1213\" srcset=\"https:\/\/cozyheat.ee\/wp-content\/uploads\/2022\/09\/20-1-401x1024.jpg 401w, https:\/\/cozyheat.ee\/wp-content\/uploads\/2022\/09\/20-1-118x300.jpg 118w, https:\/\/cozyheat.ee\/wp-content\/uploads\/2022\/09\/20-1-768x1960.jpg 768w, https:\/\/cozyheat.ee\/wp-content\/uploads\/2022\/09\/20-1-602x1536.jpg 602w, https:\/\/cozyheat.ee\/wp-content\/uploads\/2022\/09\/20-1-803x2048.jpg 803w, https:\/\/cozyheat.ee\/wp-content\/uploads\/2022\/09\/20-1-scaled.jpg 1003w\" sizes=\"auto, (max-width: 401px) 100vw, 401px\" \/><\/a><\/figure>\n\n\n\n<figure class=\"wp-block-image size-thumbnail\"><a href=\"https:\/\/cozyheat.ee\/wp-content\/uploads\/2022\/09\/19-3-scaled.jpg\"><img loading=\"lazy\" decoding=\"async\" width=\"721\" height=\"1024\" data-id=\"1214\" src=\"https:\/\/cozyheat.ee\/wp-content\/uploads\/2022\/09\/19-3-721x1024.jpg\" alt=\"\" class=\"wp-image-1214\" srcset=\"https:\/\/cozyheat.ee\/wp-content\/uploads\/2022\/09\/19-3-721x1024.jpg 721w, https:\/\/cozyheat.ee\/wp-content\/uploads\/2022\/09\/19-3-211x300.jpg 211w, https:\/\/cozyheat.ee\/wp-content\/uploads\/2022\/09\/19-3-768x1090.jpg 768w, https:\/\/cozyheat.ee\/wp-content\/uploads\/2022\/09\/19-3-1082x1536.jpg 1082w, https:\/\/cozyheat.ee\/wp-content\/uploads\/2022\/09\/19-3-1442x2048.jpg 1442w, https:\/\/cozyheat.ee\/wp-content\/uploads\/2022\/09\/19-3-scaled.jpg 1803w\" sizes=\"auto, (max-width: 721px) 100vw, 721px\" \/><\/a><\/figure>\n<\/figure>\n","protected":false},"excerpt":{"rendered":"<p>Saunaahjul on ilma lisaseadmeteta saavutatud T\u00dcV testis tulemus, millega ahjul on Saksa Bimsch sertifikaat.Keris kulutab ca 25 % v\u00e4hem k\u00fctet kui teised samalaadsed kerised. Testis saavutati tulemus koguni 40% v\u00e4hem. \u00dchtlasi on ohutuskuja tulet\u00f5rje m\u00f5istes sel ahjul Eesti v\u00e4ikseim, vaid 23 cm p\u00f5levast materjalist (puit) ilma mingite lisakaitse seinteta COZY 12 on sobiv saunale kuni&hellip;&nbsp;<a href=\"https:\/\/cozyheat.ee\/fin\/saunaahi-cozy18-og-tw\/\" class=\"\" rel=\"bookmark\">Lue lis\u00e4\u00e4 &raquo;<span class=\"screen-reader-text\">Kiuas COZY18 OG-TW<\/span><\/a><\/p>\n","protected":false},"author":1,"featured_media":0,"parent":0,"menu_order":0,"comment_status":"closed","ping_status":"closed","template":"","meta":{"_mi_skip_tracking":false,"_monsterinsights_sitenote_active":false,"_monsterinsights_sitenote_note":"","_monsterinsights_sitenote_category":0,"neve_meta_sidebar":"full-width","neve_meta_container":"","neve_meta_enable_content_width":"on","neve_meta_content_width":100,"neve_meta_title_alignment":"","neve_meta_author_avatar":"","neve_post_elements_order":"","neve_meta_disable_header":"","neve_meta_disable_footer":"","neve_meta_disable_title":"","footnotes":""},"class_list":["post-1054","page","type-page","status-publish","hentry"],"yoast_head":"<!-- This site is optimized with the Yoast SEO plugin v21.1 - https:\/\/yoast.com\/wordpress\/plugins\/seo\/ -->\n<title>Kiuas COZY18 OG-TW - Cozy Heat O&Uuml;<\/title>\n<meta name=\"robots\" content=\"index, follow, max-snippet:-1, max-image-preview:large, max-video-preview:-1\" \/>\n<link rel=\"canonical\" href=\"https:\/\/cozyheat.ee\/saunaahi-cozy18-og-tw\/\" \/>\n<meta property=\"og:locale\" content=\"fi_FI\" \/>\n<meta property=\"og:type\" content=\"article\" \/>\n<meta property=\"og:title\" content=\"Kiuas COZY18 OG-TW\" \/>\n<meta property=\"og:description\" content=\"Saunaahjul on ilma lisaseadmeteta saavutatud T\u00dcV testis tulemus, millega ahjul on Saksa Bimsch sertifikaat.Keris kulutab ca 25 % v\u00e4hem k\u00fctet kui teised samalaadsed kerised. Testis saavutati tulemus koguni 40% v\u00e4hem. \u00dchtlasi on ohutuskuja tulet\u00f5rje m\u00f5istes sel ahjul Eesti v\u00e4ikseim, vaid 23 cm p\u00f5levast materjalist (puit) ilma mingite lisakaitse seinteta COZY 12 on sobiv saunale kuni&hellip;&nbsp;Lue lis\u00e4\u00e4 &raquo;Kiuas COZY18 OG-TW\" \/>\n<meta property=\"og:url\" content=\"https:\/\/cozyheat.ee\/saunaahi-cozy18-og-tw\/\" \/>\n<meta property=\"og:site_name\" content=\"Cozy Heat O&Uuml;\" \/>\n<meta property=\"article:modified_time\" content=\"2024-04-18T07:05:03+00:00\" \/>\n<meta property=\"og:image\" content=\"https:\/\/cozyheat.ee\/wp-content\/uploads\/2022\/09\/Cozy18OG-TW_2-768x1024.jpg\" \/>\n<meta name=\"twitter:card\" content=\"summary_large_image\" \/>\n<script type=\"application\/ld+json\" class=\"yoast-schema-graph\">{\"@context\":\"https:\/\/schema.org\",\"@graph\":[{\"@type\":\"WebPage\",\"@id\":\"https:\/\/cozyheat.ee\/saunaahi-cozy18-og-tw\/\",\"url\":\"https:\/\/cozyheat.ee\/saunaahi-cozy18-og-tw\/\",\"name\":\"[:en]COZY18 OG-TW[:et]Saunaahi COZY18 OG-TW[:fin]Kiuas COZY18 OG-TW[:] - Cozy Heat O&Uuml;\",\"isPartOf\":{\"@id\":\"https:\/\/cozyheat.ee\/#website\"},\"datePublished\":\"2022-09-01T09:54:33+00:00\",\"dateModified\":\"2024-04-18T07:05:03+00:00\",\"breadcrumb\":{\"@id\":\"https:\/\/cozyheat.ee\/saunaahi-cozy18-og-tw\/#breadcrumb\"},\"inLanguage\":\"fi\",\"potentialAction\":[{\"@type\":\"ReadAction\",\"target\":[\"https:\/\/cozyheat.ee\/saunaahi-cozy18-og-tw\/\"]}]},{\"@type\":\"BreadcrumbList\",\"@id\":\"https:\/\/cozyheat.ee\/saunaahi-cozy18-og-tw\/#breadcrumb\",\"itemListElement\":[{\"@type\":\"ListItem\",\"position\":1,\"name\":\"Home\",\"item\":\"https:\/\/cozyheat.ee\/\"},{\"@type\":\"ListItem\",\"position\":2,\"name\":\"Saunaahi COZY18 OG-TW\"}]},{\"@type\":\"WebSite\",\"@id\":\"https:\/\/cozyheat.ee\/#website\",\"url\":\"https:\/\/cozyheat.ee\/\",\"name\":\"Cozy Heat O&Uuml;\",\"description\":\"Eestimaised saunakerised\",\"publisher\":{\"@id\":\"https:\/\/cozyheat.ee\/#organization\"},\"potentialAction\":[{\"@type\":\"SearchAction\",\"target\":{\"@type\":\"EntryPoint\",\"urlTemplate\":\"https:\/\/cozyheat.ee\/?s={search_term_string}\"},\"query-input\":\"required name=search_term_string\"}],\"inLanguage\":\"fi\"},{\"@type\":\"Organization\",\"@id\":\"https:\/\/cozyheat.ee\/#organization\",\"name\":\"Cozy Heat O&Uuml;\",\"url\":\"https:\/\/cozyheat.ee\/\",\"logo\":{\"@type\":\"ImageObject\",\"inLanguage\":\"fi\",\"@id\":\"https:\/\/cozyheat.ee\/#\/schema\/logo\/image\/\",\"url\":\"https:\/\/cozyheat.ee\/wp-content\/uploads\/2020\/04\/cropped-cozy_lines.png\",\"contentUrl\":\"https:\/\/cozyheat.ee\/wp-content\/uploads\/2020\/04\/cropped-cozy_lines.png\",\"width\":1579,\"height\":418,\"caption\":\"Cozy Heat O&Uuml;\"},\"image\":{\"@id\":\"https:\/\/cozyheat.ee\/#\/schema\/logo\/image\/\"}}]}<\/script>\n<!-- \/ Yoast SEO plugin. -->","yoast_head_json":{"title":"Kiuas COZY18 OG-TW - Cozy Heat O&Uuml;","robots":{"index":"index","follow":"follow","max-snippet":"max-snippet:-1","max-image-preview":"max-image-preview:large","max-video-preview":"max-video-preview:-1"},"canonical":"https:\/\/cozyheat.ee\/saunaahi-cozy18-og-tw\/","og_locale":"fi_FI","og_type":"article","og_title":"[:en]COZY18 OG-TW[:et]Saunaahi COZY18 OG-TW[:fin]Kiuas COZY18 OG-TW[:] - Cozy Heat O&Uuml;","og_description":"Saunaahjul on ilma lisaseadmeteta saavutatud T\u00dcV testis tulemus, millega ahjul on Saksa Bimsch sertifikaat.Keris kulutab ca 25 % v\u00e4hem k\u00fctet kui teised samalaadsed kerised. Testis saavutati tulemus koguni 40% v\u00e4hem. \u00dchtlasi on ohutuskuja tulet\u00f5rje m\u00f5istes sel ahjul Eesti v\u00e4ikseim, vaid 23 cm p\u00f5levast materjalist (puit) ilma mingite lisakaitse seinteta COZY 12 on sobiv saunale kuni&hellip;&nbsp;Lue lis\u00e4\u00e4 &raquo;Kiuas COZY18 OG-TW","og_url":"https:\/\/cozyheat.ee\/saunaahi-cozy18-og-tw\/","og_site_name":"Cozy Heat O&Uuml;","article_modified_time":"2024-04-18T07:05:03+00:00","og_image":[{"url":"https:\/\/cozyheat.ee\/wp-content\/uploads\/2022\/09\/Cozy18OG-TW_2-768x1024.jpg"}],"twitter_card":"summary_large_image","schema":{"@context":"https:\/\/schema.org","@graph":[{"@type":"WebPage","@id":"https:\/\/cozyheat.ee\/saunaahi-cozy18-og-tw\/","url":"https:\/\/cozyheat.ee\/saunaahi-cozy18-og-tw\/","name":"[:en]COZY18 OG-TW[:et]Saunaahi COZY18 OG-TW[:fin]Kiuas COZY18 OG-TW[:] - Cozy Heat O&Uuml;","isPartOf":{"@id":"https:\/\/cozyheat.ee\/#website"},"datePublished":"2022-09-01T09:54:33+00:00","dateModified":"2024-04-18T07:05:03+00:00","breadcrumb":{"@id":"https:\/\/cozyheat.ee\/saunaahi-cozy18-og-tw\/#breadcrumb"},"inLanguage":"fi","potentialAction":[{"@type":"ReadAction","target":["https:\/\/cozyheat.ee\/saunaahi-cozy18-og-tw\/"]}]},{"@type":"BreadcrumbList","@id":"https:\/\/cozyheat.ee\/saunaahi-cozy18-og-tw\/#breadcrumb","itemListElement":[{"@type":"ListItem","position":1,"name":"Home","item":"https:\/\/cozyheat.ee\/"},{"@type":"ListItem","position":2,"name":"Saunaahi COZY18 OG-TW"}]},{"@type":"WebSite","@id":"https:\/\/cozyheat.ee\/#website","url":"https:\/\/cozyheat.ee\/","name":"Cozy Heat O&Uuml;","description":"Eestimaised saunakerised","publisher":{"@id":"https:\/\/cozyheat.ee\/#organization"},"potentialAction":[{"@type":"SearchAction","target":{"@type":"EntryPoint","urlTemplate":"https:\/\/cozyheat.ee\/?s={search_term_string}"},"query-input":"required name=search_term_string"}],"inLanguage":"fi"},{"@type":"Organization","@id":"https:\/\/cozyheat.ee\/#organization","name":"Cozy Heat O&Uuml;","url":"https:\/\/cozyheat.ee\/","logo":{"@type":"ImageObject","inLanguage":"fi","@id":"https:\/\/cozyheat.ee\/#\/schema\/logo\/image\/","url":"https:\/\/cozyheat.ee\/wp-content\/uploads\/2020\/04\/cropped-cozy_lines.png","contentUrl":"https:\/\/cozyheat.ee\/wp-content\/uploads\/2020\/04\/cropped-cozy_lines.png","width":1579,"height":418,"caption":"Cozy Heat O&Uuml;"},"image":{"@id":"https:\/\/cozyheat.ee\/#\/schema\/logo\/image\/"}}]}},"_links":{"self":[{"href":"https:\/\/cozyheat.ee\/fin\/wp-json\/wp\/v2\/pages\/1054","targetHints":{"allow":["GET"]}}],"collection":[{"href":"https:\/\/cozyheat.ee\/fin\/wp-json\/wp\/v2\/pages"}],"about":[{"href":"https:\/\/cozyheat.ee\/fin\/wp-json\/wp\/v2\/types\/page"}],"author":[{"embeddable":true,"href":"https:\/\/cozyheat.ee\/fin\/wp-json\/wp\/v2\/users\/1"}],"replies":[{"embeddable":true,"href":"https:\/\/cozyheat.ee\/fin\/wp-json\/wp\/v2\/comments?post=1054"}],"version-history":[{"count":22,"href":"https:\/\/cozyheat.ee\/fin\/wp-json\/wp\/v2\/pages\/1054\/revisions"}],"predecessor-version":[{"id":1926,"href":"https:\/\/cozyheat.ee\/fin\/wp-json\/wp\/v2\/pages\/1054\/revisions\/1926"}],"wp:attachment":[{"href":"https:\/\/cozyheat.ee\/fin\/wp-json\/wp\/v2\/media?parent=1054"}],"curies":[{"name":"wp","href":"https:\/\/api.w.org\/{rel}","templated":true}]}}