{"id":1048,"date":"2022-09-01T08:37:56","date_gmt":"2022-09-01T08:37:56","guid":{"rendered":"https:\/\/cozyheat.ee\/?page_id=1048"},"modified":"2024-04-18T06:38:00","modified_gmt":"2024-04-18T06:38:00","slug":"saunaahi-cozy12-sw","status":"publish","type":"page","link":"https:\/\/cozyheat.ee\/fin\/saunaahi-cozy12-sw\/","title":{"rendered":"Kiuas COZY 12 OG"},"content":{"rendered":"\n<div class=\"wp-block-columns is-layout-flex wp-container-core-columns-is-layout-1 wp-block-columns-is-layout-flex\">\n<div class=\"wp-block-column is-layout-flow wp-block-column-is-layout-flow\"><div class=\"wp-block-image is-style-default\">\n<figure class=\"aligncenter size-large is-resized\"><img loading=\"lazy\" decoding=\"async\" src=\"https:\/\/cozyheat.ee\/wp-content\/uploads\/2021\/05\/3-1-589x1024.jpg\" alt=\"\" class=\"wp-image-930\" style=\"width:295px;height:512px\" width=\"295\" height=\"512\" srcset=\"https:\/\/cozyheat.ee\/wp-content\/uploads\/2021\/05\/3-1-589x1024.jpg 589w, https:\/\/cozyheat.ee\/wp-content\/uploads\/2021\/05\/3-1-173x300.jpg 173w, https:\/\/cozyheat.ee\/wp-content\/uploads\/2021\/05\/3-1-768x1334.jpg 768w, https:\/\/cozyheat.ee\/wp-content\/uploads\/2021\/05\/3-1-884x1536.jpg 884w, https:\/\/cozyheat.ee\/wp-content\/uploads\/2021\/05\/3-1.jpg 1105w\" sizes=\"auto, (max-width: 295px) 100vw, 295px\" \/><\/figure><\/div>\n\n\n<figure class=\"wp-block-gallery has-nested-images columns-default is-cropped wp-block-gallery-1 is-layout-flex wp-block-gallery-is-layout-flex\">\n<figure class=\"wp-block-image size-large\"><a href=\"https:\/\/cozyheat.ee\/wp-content\/uploads\/2021\/05\/3-1.jpg\"><img loading=\"lazy\" decoding=\"async\" width=\"589\" height=\"1024\" src=\"https:\/\/cozyheat.ee\/wp-content\/uploads\/2021\/05\/3-1-589x1024.jpg\" alt=\"\" class=\"wp-image-930\" srcset=\"https:\/\/cozyheat.ee\/wp-content\/uploads\/2021\/05\/3-1-589x1024.jpg 589w, https:\/\/cozyheat.ee\/wp-content\/uploads\/2021\/05\/3-1-173x300.jpg 173w, https:\/\/cozyheat.ee\/wp-content\/uploads\/2021\/05\/3-1-768x1334.jpg 768w, https:\/\/cozyheat.ee\/wp-content\/uploads\/2021\/05\/3-1-884x1536.jpg 884w, https:\/\/cozyheat.ee\/wp-content\/uploads\/2021\/05\/3-1.jpg 1105w\" sizes=\"auto, (max-width: 589px) 100vw, 589px\" \/><\/a><\/figure>\n\n\n\n<figure class=\"wp-block-image size-large\"><a href=\"https:\/\/cozyheat.ee\/wp-content\/uploads\/2021\/05\/2-2.jpg\"><img loading=\"lazy\" decoding=\"async\" width=\"657\" height=\"1024\" src=\"https:\/\/cozyheat.ee\/wp-content\/uploads\/2021\/05\/2-2-657x1024.jpg\" alt=\"\" class=\"wp-image-919\" srcset=\"https:\/\/cozyheat.ee\/wp-content\/uploads\/2021\/05\/2-2-657x1024.jpg 657w, https:\/\/cozyheat.ee\/wp-content\/uploads\/2021\/05\/2-2-193x300.jpg 193w, https:\/\/cozyheat.ee\/wp-content\/uploads\/2021\/05\/2-2-768x1197.jpg 768w, https:\/\/cozyheat.ee\/wp-content\/uploads\/2021\/05\/2-2-986x1536.jpg 986w, https:\/\/cozyheat.ee\/wp-content\/uploads\/2021\/05\/2-2.jpg 1232w\" sizes=\"auto, (max-width: 657px) 100vw, 657px\" \/><\/a><\/figure>\n\n\n\n<figure class=\"wp-block-image size-large\"><a href=\"https:\/\/cozyheat.ee\/wp-content\/uploads\/2021\/05\/DSC2770-2.jpg\"><img loading=\"lazy\" decoding=\"async\" width=\"683\" height=\"1024\" src=\"https:\/\/cozyheat.ee\/wp-content\/uploads\/2021\/05\/DSC2770-2-683x1024.jpg\" alt=\"\" class=\"wp-image-913\" srcset=\"https:\/\/cozyheat.ee\/wp-content\/uploads\/2021\/05\/DSC2770-2-683x1024.jpg 683w, https:\/\/cozyheat.ee\/wp-content\/uploads\/2021\/05\/DSC2770-2-200x300.jpg 200w, https:\/\/cozyheat.ee\/wp-content\/uploads\/2021\/05\/DSC2770-2-768x1152.jpg 768w, https:\/\/cozyheat.ee\/wp-content\/uploads\/2021\/05\/DSC2770-2-1024x1536.jpg 1024w, https:\/\/cozyheat.ee\/wp-content\/uploads\/2021\/05\/DSC2770-2.jpg 1280w\" sizes=\"auto, (max-width: 683px) 100vw, 683px\" \/><\/a><\/figure>\n\n\n\n<figure class=\"wp-block-image size-large\"><a href=\"https:\/\/cozyheat.ee\/wp-content\/uploads\/2021\/05\/DSC2768.jpg\"><img loading=\"lazy\" decoding=\"async\" width=\"1024\" height=\"683\" src=\"https:\/\/cozyheat.ee\/wp-content\/uploads\/2021\/05\/DSC2768-1024x683.jpg\" alt=\"\" class=\"wp-image-912\" srcset=\"https:\/\/cozyheat.ee\/wp-content\/uploads\/2021\/05\/DSC2768-1024x683.jpg 1024w, https:\/\/cozyheat.ee\/wp-content\/uploads\/2021\/05\/DSC2768-300x200.jpg 300w, https:\/\/cozyheat.ee\/wp-content\/uploads\/2021\/05\/DSC2768-768x512.jpg 768w, https:\/\/cozyheat.ee\/wp-content\/uploads\/2021\/05\/DSC2768-1536x1024.jpg 1536w, https:\/\/cozyheat.ee\/wp-content\/uploads\/2021\/05\/DSC2768-930x620.jpg 930w, https:\/\/cozyheat.ee\/wp-content\/uploads\/2021\/05\/DSC2768.jpg 1920w\" sizes=\"auto, (max-width: 1024px) 100vw, 1024px\" \/><\/a><\/figure>\n\n\n\n<figure class=\"wp-block-image size-large\"><a href=\"https:\/\/cozyheat.ee\/wp-content\/uploads\/2021\/05\/DSC2780.jpg\"><img loading=\"lazy\" decoding=\"async\" width=\"1024\" height=\"683\" src=\"https:\/\/cozyheat.ee\/wp-content\/uploads\/2021\/05\/DSC2780-1024x683.jpg\" alt=\"\" class=\"wp-image-914\" srcset=\"https:\/\/cozyheat.ee\/wp-content\/uploads\/2021\/05\/DSC2780-1024x683.jpg 1024w, https:\/\/cozyheat.ee\/wp-content\/uploads\/2021\/05\/DSC2780-300x200.jpg 300w, https:\/\/cozyheat.ee\/wp-content\/uploads\/2021\/05\/DSC2780-768x512.jpg 768w, https:\/\/cozyheat.ee\/wp-content\/uploads\/2021\/05\/DSC2780-1536x1024.jpg 1536w, https:\/\/cozyheat.ee\/wp-content\/uploads\/2021\/05\/DSC2780-930x620.jpg 930w, https:\/\/cozyheat.ee\/wp-content\/uploads\/2021\/05\/DSC2780.jpg 1920w\" sizes=\"auto, (max-width: 1024px) 100vw, 1024px\" \/><\/a><\/figure>\n<\/figure>\n<\/div>\n\n\n\n<div class=\"wp-block-column is-layout-flow wp-block-column-is-layout-flow\">\n<p>Uunimme ovat ainutlaatuisia! Olemme harvoja valmistajia Virossa, joka t\u00e4ytt\u00e4v\u00e4t saksalaiset BIMSCH-sertifikaattivaatimukset T\u00dcV-testiss\u00e4 ilman lis\u00e4laitteita.<\/p>\n\n\n\n<p>Kiuas tarvitsee 25% v\u00e4hemm\u00e4n polttoainetta verrattuna vastaaviin kilpailijoiden kiukaisiin. Testiss\u00e4 tarvittiin jopa 40% v\u00e4hemm\u00e4n polttoainetta!!<\/p>\n\n\n\n<p>Savukaasut ovat 6 x puhtaampia verratuna monen kilpailijan tuotteisiin.<\/p>\n\n\n\n<p>Turvaet\u00e4isyys kiukaan ja palavan materiaalin v\u00e4lill\u00e4 (puumateriaali) on vain 170 mm ilman palosuojaa.<\/p>\n\n\n\n<p>COZY 12 on sopiva&nbsp; 6-13 m3 kokoiseen saunaan.<\/p>\n\n\n\n<p>Kiuaskivet eiv\u00e4t kuulu hintaan!<\/p>\n\n\n\n<p><\/p>\n\n\n\n<hr class=\"wp-block-separator has-alpha-channel-opacity\"\/>\n\n\n\n<p><\/p>\n\n\n\n<h3 class=\"wp-block-heading\">TEKNISET  TIEDOT<\/h3>\n\n\n\n<figure class=\"wp-block-table\"><table><tbody><tr><td>Teho: <\/td><td>11,5 kW<\/td><\/tr><tr><td>Maksimi t\u00e4ytto:<\/td><td>8 kg<\/td><\/tr><tr><td>Polttoaine:<\/td><td>Puu &#8211; 30cm<\/td><\/tr><tr><td>Kivien m\u00e4\u00e4r\u00e4:<\/td><td>120 kg<\/td><\/tr><\/tbody><\/table><\/figure>\n\n\n\n<h4 class=\"wp-block-heading\">DOKUMENTIT<\/h4>\n\n\n\n<p><a href=\"https:\/\/cozyheat.ee\/wp-content\/uploads\/2022\/09\/COZY-12-sale-06.09.2022.pdf\">COZY12 piirustukse<\/a><a href=\"https:\/\/cozyheat.ee\/wp-content\/uploads\/2023\/09\/COZY-12-ALL-joonised.pdf\">t<\/a><\/p>\n\n\n\n<p><a href=\"https:\/\/cozyheat.ee\/wp-content\/uploads\/2023\/07\/FI_Manual_COZY12_COZY18.pdf\">COZY12 k\u00e4ytt\u00f6o<\/a><a href=\"https:\/\/cozyheat.ee\/wp-content\/uploads\/2023\/09\/FI_Manual_COZY12_COZY18new.pdf\">hje<\/a><\/p>\n\n\n\n<p><a href=\"https:\/\/cozyheat.ee\/wp-content\/uploads\/2023\/07\/HEAT12_tehnical_data-EN.pdf\">COZY12 Suoritustasoilmoitus<\/a><\/p>\n\n\n\n<p><a href=\"https:\/\/cozyheat.ee\/wp-content\/uploads\/2020\/04\/Confirmation_SGO_HEAT12_1BImSchV.pdf\">COZY12 sertifikaatit<\/a><\/p>\n<\/div>\n<\/div>\n\n\n\n<h4 class=\"wp-block-heading has-text-align-center\">KOKKUSOBIVAD TOOTED<\/h4>\n\n\n\n<figure class=\"wp-block-gallery has-nested-images columns-default is-cropped wp-block-gallery-2 is-layout-flex wp-block-gallery-is-layout-flex\"><\/figure>\n","protected":false},"excerpt":{"rendered":"<p>Uunimme ovat ainutlaatuisia! Olemme harvoja valmistajia Virossa, joka t\u00e4ytt\u00e4v\u00e4t saksalaiset BIMSCH-sertifikaattivaatimukset T\u00dcV-testiss\u00e4 ilman lis\u00e4laitteita. Kiuas tarvitsee 25% v\u00e4hemm\u00e4n polttoainetta verrattuna vastaaviin kilpailijoiden kiukaisiin. Testiss\u00e4 tarvittiin jopa 40% v\u00e4hemm\u00e4n polttoainetta!! Savukaasut ovat 6 x puhtaampia verratuna monen kilpailijan tuotteisiin. Turvaet\u00e4isyys kiukaan ja palavan materiaalin v\u00e4lill\u00e4 (puumateriaali) on vain 170 mm ilman palosuojaa. COZY 12 on sopiva&nbsp;&hellip;&nbsp;<a href=\"https:\/\/cozyheat.ee\/fin\/saunaahi-cozy12-sw\/\" class=\"\" rel=\"bookmark\">Lue lis\u00e4\u00e4 &raquo;<span class=\"screen-reader-text\">Kiuas COZY 12 OG<\/span><\/a><\/p>\n","protected":false},"author":1,"featured_media":0,"parent":0,"menu_order":0,"comment_status":"closed","ping_status":"closed","template":"","meta":{"_mi_skip_tracking":false,"_monsterinsights_sitenote_active":false,"_monsterinsights_sitenote_note":"","_monsterinsights_sitenote_category":0,"neve_meta_sidebar":"full-width","neve_meta_container":"","neve_meta_enable_content_width":"on","neve_meta_content_width":100,"neve_meta_title_alignment":"","neve_meta_author_avatar":"","neve_post_elements_order":"","neve_meta_disable_header":"","neve_meta_disable_footer":"","neve_meta_disable_title":"","footnotes":""},"class_list":["post-1048","page","type-page","status-publish","hentry"],"yoast_head":"<!-- This site is optimized with the Yoast SEO plugin v21.1 - https:\/\/yoast.com\/wordpress\/plugins\/seo\/ -->\n<title>Kiuas COZY 12 OG - Cozy Heat O&Uuml;<\/title>\n<meta name=\"robots\" content=\"index, follow, max-snippet:-1, max-image-preview:large, max-video-preview:-1\" \/>\n<link rel=\"canonical\" href=\"https:\/\/cozyheat.ee\/saunaahi-cozy12-sw\/\" \/>\n<meta property=\"og:locale\" content=\"fi_FI\" \/>\n<meta property=\"og:type\" content=\"article\" \/>\n<meta property=\"og:title\" content=\"Kiuas COZY 12 OG\" \/>\n<meta property=\"og:description\" content=\"Uunimme ovat ainutlaatuisia! Olemme harvoja valmistajia Virossa, joka t\u00e4ytt\u00e4v\u00e4t saksalaiset BIMSCH-sertifikaattivaatimukset T\u00dcV-testiss\u00e4 ilman lis\u00e4laitteita. Kiuas tarvitsee 25% v\u00e4hemm\u00e4n polttoainetta verrattuna vastaaviin kilpailijoiden kiukaisiin. Testiss\u00e4 tarvittiin jopa 40% v\u00e4hemm\u00e4n polttoainetta!! Savukaasut ovat 6 x puhtaampia verratuna monen kilpailijan tuotteisiin. Turvaet\u00e4isyys kiukaan ja palavan materiaalin v\u00e4lill\u00e4 (puumateriaali) on vain 170 mm ilman palosuojaa. COZY 12 on sopiva&nbsp;&hellip;&nbsp;Lue lis\u00e4\u00e4 &raquo;Kiuas COZY 12 OG\" \/>\n<meta property=\"og:url\" content=\"https:\/\/cozyheat.ee\/saunaahi-cozy12-sw\/\" \/>\n<meta property=\"og:site_name\" content=\"Cozy Heat O&Uuml;\" \/>\n<meta property=\"article:modified_time\" content=\"2024-04-18T06:38:00+00:00\" \/>\n<meta property=\"og:image\" content=\"https:\/\/cozyheat.ee\/wp-content\/uploads\/2021\/05\/3-1-589x1024.jpg\" \/>\n<meta name=\"twitter:card\" content=\"summary_large_image\" \/>\n<meta name=\"twitter:label1\" content=\"Arvioitu lukuaika\" \/>\n\t<meta name=\"twitter:data1\" content=\"2 minuuttia\" \/>\n<script type=\"application\/ld+json\" class=\"yoast-schema-graph\">{\"@context\":\"https:\/\/schema.org\",\"@graph\":[{\"@type\":\"WebPage\",\"@id\":\"https:\/\/cozyheat.ee\/saunaahi-cozy12-sw\/\",\"url\":\"https:\/\/cozyheat.ee\/saunaahi-cozy12-sw\/\",\"name\":\"[:en]COZY 12 OG[:et]Saunaahi COZY 12 OG[:fin]Kiuas COZY 12 OG[:] - Cozy Heat O&Uuml;\",\"isPartOf\":{\"@id\":\"https:\/\/cozyheat.ee\/#website\"},\"datePublished\":\"2022-09-01T08:37:56+00:00\",\"dateModified\":\"2024-04-18T06:38:00+00:00\",\"breadcrumb\":{\"@id\":\"https:\/\/cozyheat.ee\/saunaahi-cozy12-sw\/#breadcrumb\"},\"inLanguage\":\"fi\",\"potentialAction\":[{\"@type\":\"ReadAction\",\"target\":[\"https:\/\/cozyheat.ee\/saunaahi-cozy12-sw\/\"]}]},{\"@type\":\"BreadcrumbList\",\"@id\":\"https:\/\/cozyheat.ee\/saunaahi-cozy12-sw\/#breadcrumb\",\"itemListElement\":[{\"@type\":\"ListItem\",\"position\":1,\"name\":\"Home\",\"item\":\"https:\/\/cozyheat.ee\/\"},{\"@type\":\"ListItem\",\"position\":2,\"name\":\"Saunaahi COZY 12 OG\"}]},{\"@type\":\"WebSite\",\"@id\":\"https:\/\/cozyheat.ee\/#website\",\"url\":\"https:\/\/cozyheat.ee\/\",\"name\":\"Cozy Heat O&Uuml;\",\"description\":\"Eestimaised saunakerised\",\"publisher\":{\"@id\":\"https:\/\/cozyheat.ee\/#organization\"},\"potentialAction\":[{\"@type\":\"SearchAction\",\"target\":{\"@type\":\"EntryPoint\",\"urlTemplate\":\"https:\/\/cozyheat.ee\/?s={search_term_string}\"},\"query-input\":\"required name=search_term_string\"}],\"inLanguage\":\"fi\"},{\"@type\":\"Organization\",\"@id\":\"https:\/\/cozyheat.ee\/#organization\",\"name\":\"Cozy Heat O&Uuml;\",\"url\":\"https:\/\/cozyheat.ee\/\",\"logo\":{\"@type\":\"ImageObject\",\"inLanguage\":\"fi\",\"@id\":\"https:\/\/cozyheat.ee\/#\/schema\/logo\/image\/\",\"url\":\"https:\/\/cozyheat.ee\/wp-content\/uploads\/2020\/04\/cropped-cozy_lines.png\",\"contentUrl\":\"https:\/\/cozyheat.ee\/wp-content\/uploads\/2020\/04\/cropped-cozy_lines.png\",\"width\":1579,\"height\":418,\"caption\":\"Cozy Heat O&Uuml;\"},\"image\":{\"@id\":\"https:\/\/cozyheat.ee\/#\/schema\/logo\/image\/\"}}]}<\/script>\n<!-- \/ Yoast SEO plugin. -->","yoast_head_json":{"title":"Kiuas COZY 12 OG - Cozy Heat O&Uuml;","robots":{"index":"index","follow":"follow","max-snippet":"max-snippet:-1","max-image-preview":"max-image-preview:large","max-video-preview":"max-video-preview:-1"},"canonical":"https:\/\/cozyheat.ee\/saunaahi-cozy12-sw\/","og_locale":"fi_FI","og_type":"article","og_title":"[:en]COZY 12 OG[:et]Saunaahi COZY 12 OG[:fin]Kiuas COZY 12 OG[:] - Cozy Heat O&Uuml;","og_description":"Uunimme ovat ainutlaatuisia! Olemme harvoja valmistajia Virossa, joka t\u00e4ytt\u00e4v\u00e4t saksalaiset BIMSCH-sertifikaattivaatimukset T\u00dcV-testiss\u00e4 ilman lis\u00e4laitteita. Kiuas tarvitsee 25% v\u00e4hemm\u00e4n polttoainetta verrattuna vastaaviin kilpailijoiden kiukaisiin. Testiss\u00e4 tarvittiin jopa 40% v\u00e4hemm\u00e4n polttoainetta!! Savukaasut ovat 6 x puhtaampia verratuna monen kilpailijan tuotteisiin. Turvaet\u00e4isyys kiukaan ja palavan materiaalin v\u00e4lill\u00e4 (puumateriaali) on vain 170 mm ilman palosuojaa. COZY 12 on sopiva&nbsp;&hellip;&nbsp;Lue lis\u00e4\u00e4 &raquo;Kiuas COZY 12 OG","og_url":"https:\/\/cozyheat.ee\/saunaahi-cozy12-sw\/","og_site_name":"Cozy Heat O&Uuml;","article_modified_time":"2024-04-18T06:38:00+00:00","og_image":[{"url":"https:\/\/cozyheat.ee\/wp-content\/uploads\/2021\/05\/3-1-589x1024.jpg"}],"twitter_card":"summary_large_image","twitter_misc":{"Arvioitu lukuaika":"2 minuuttia"},"schema":{"@context":"https:\/\/schema.org","@graph":[{"@type":"WebPage","@id":"https:\/\/cozyheat.ee\/saunaahi-cozy12-sw\/","url":"https:\/\/cozyheat.ee\/saunaahi-cozy12-sw\/","name":"[:en]COZY 12 OG[:et]Saunaahi COZY 12 OG[:fin]Kiuas COZY 12 OG[:] - Cozy Heat O&Uuml;","isPartOf":{"@id":"https:\/\/cozyheat.ee\/#website"},"datePublished":"2022-09-01T08:37:56+00:00","dateModified":"2024-04-18T06:38:00+00:00","breadcrumb":{"@id":"https:\/\/cozyheat.ee\/saunaahi-cozy12-sw\/#breadcrumb"},"inLanguage":"fi","potentialAction":[{"@type":"ReadAction","target":["https:\/\/cozyheat.ee\/saunaahi-cozy12-sw\/"]}]},{"@type":"BreadcrumbList","@id":"https:\/\/cozyheat.ee\/saunaahi-cozy12-sw\/#breadcrumb","itemListElement":[{"@type":"ListItem","position":1,"name":"Home","item":"https:\/\/cozyheat.ee\/"},{"@type":"ListItem","position":2,"name":"Saunaahi COZY 12 OG"}]},{"@type":"WebSite","@id":"https:\/\/cozyheat.ee\/#website","url":"https:\/\/cozyheat.ee\/","name":"Cozy Heat O&Uuml;","description":"Eestimaised saunakerised","publisher":{"@id":"https:\/\/cozyheat.ee\/#organization"},"potentialAction":[{"@type":"SearchAction","target":{"@type":"EntryPoint","urlTemplate":"https:\/\/cozyheat.ee\/?s={search_term_string}"},"query-input":"required name=search_term_string"}],"inLanguage":"fi"},{"@type":"Organization","@id":"https:\/\/cozyheat.ee\/#organization","name":"Cozy Heat O&Uuml;","url":"https:\/\/cozyheat.ee\/","logo":{"@type":"ImageObject","inLanguage":"fi","@id":"https:\/\/cozyheat.ee\/#\/schema\/logo\/image\/","url":"https:\/\/cozyheat.ee\/wp-content\/uploads\/2020\/04\/cropped-cozy_lines.png","contentUrl":"https:\/\/cozyheat.ee\/wp-content\/uploads\/2020\/04\/cropped-cozy_lines.png","width":1579,"height":418,"caption":"Cozy Heat O&Uuml;"},"image":{"@id":"https:\/\/cozyheat.ee\/#\/schema\/logo\/image\/"}}]}},"_links":{"self":[{"href":"https:\/\/cozyheat.ee\/fin\/wp-json\/wp\/v2\/pages\/1048","targetHints":{"allow":["GET"]}}],"collection":[{"href":"https:\/\/cozyheat.ee\/fin\/wp-json\/wp\/v2\/pages"}],"about":[{"href":"https:\/\/cozyheat.ee\/fin\/wp-json\/wp\/v2\/types\/page"}],"author":[{"embeddable":true,"href":"https:\/\/cozyheat.ee\/fin\/wp-json\/wp\/v2\/users\/1"}],"replies":[{"embeddable":true,"href":"https:\/\/cozyheat.ee\/fin\/wp-json\/wp\/v2\/comments?post=1048"}],"version-history":[{"count":28,"href":"https:\/\/cozyheat.ee\/fin\/wp-json\/wp\/v2\/pages\/1048\/revisions"}],"predecessor-version":[{"id":1920,"href":"https:\/\/cozyheat.ee\/fin\/wp-json\/wp\/v2\/pages\/1048\/revisions\/1920"}],"wp:attachment":[{"href":"https:\/\/cozyheat.ee\/fin\/wp-json\/wp\/v2\/media?parent=1048"}],"curies":[{"name":"wp","href":"https:\/\/api.w.org\/{rel}","templated":true}]}}