{"id":823,"date":"2021-01-27T10:07:50","date_gmt":"2021-01-27T10:07:50","guid":{"rendered":"https:\/\/cozyheat.ee\/?page_id=823"},"modified":"2023-09-15T08:58:57","modified_gmt":"2023-09-15T08:58:57","slug":"edasimuujad","status":"publish","type":"page","link":"https:\/\/cozyheat.ee\/en\/edasimuujad\/","title":{"rendered":"Resellers"},"content":{"rendered":"\n<figure class=\"wp-block-table\"><table><tbody><tr><td><\/td><td><\/td><td><\/td><\/tr><tr><td>ESPAK AS<\/td><td>www.espak.ee<\/td><td><a rel=\"noreferrer noopener\" href=\"https:\/\/goo.gl\/maps\/iXscM5VnvHc6SxfNA\" target=\"_blank\">Check the map<\/a><\/td><\/tr><tr><td>SAUNAMAAILM<\/td><td>www.saaunamaailm.ee<\/td><td><a rel=\"noreferrer noopener\" href=\"https:\/\/goo.gl\/maps\/ATS9Jz8HGEkQHCmr8\" data-type=\"URL\" target=\"_blank\">Check the map<\/a><\/td><\/tr><tr><td><\/td><td><\/td><td><\/td><\/tr><tr><td><\/td><td><\/td><td><\/td><\/tr><\/tbody><\/table><\/figure>\n\n\n\n<p><\/p>\n","protected":false},"excerpt":{"rendered":"<p>ESPAK AS www.espak.ee Check the map SAUNAMAAILM www.saaunamaailm.ee Check the map<\/p>\n","protected":false},"author":1,"featured_media":0,"parent":0,"menu_order":0,"comment_status":"closed","ping_status":"closed","template":"","meta":{"_mi_skip_tracking":false,"_monsterinsights_sitenote_active":false,"_monsterinsights_sitenote_note":"","_monsterinsights_sitenote_category":0,"neve_meta_sidebar":"full-width","neve_meta_container":"","neve_meta_enable_content_width":"on","neve_meta_content_width":100,"neve_meta_title_alignment":"","neve_meta_author_avatar":"","neve_post_elements_order":"","neve_meta_disable_header":"","neve_meta_disable_footer":"","neve_meta_disable_title":"","footnotes":""},"class_list":["post-823","page","type-page","status-publish","hentry"],"yoast_head":"<!-- This site is optimized with the Yoast SEO plugin v21.1 - https:\/\/yoast.com\/wordpress\/plugins\/seo\/ -->\n<title>Resellers - Cozy Heat O&Uuml;<\/title>\n<meta name=\"robots\" content=\"index, follow, max-snippet:-1, max-image-preview:large, max-video-preview:-1\" \/>\n<link rel=\"canonical\" href=\"https:\/\/cozyheat.ee\/edasimuujad\/\" \/>\n<meta property=\"og:locale\" content=\"en_US\" \/>\n<meta property=\"og:type\" content=\"article\" \/>\n<meta property=\"og:title\" content=\"Resellers\" \/>\n<meta property=\"og:description\" content=\"ESPAK AS www.espak.ee Check the map SAUNAMAAILM www.saaunamaailm.ee Check the map\" \/>\n<meta property=\"og:url\" content=\"https:\/\/cozyheat.ee\/edasimuujad\/\" \/>\n<meta property=\"og:site_name\" content=\"Cozy Heat O&Uuml;\" \/>\n<meta property=\"article:modified_time\" content=\"2023-09-15T08:58:57+00:00\" \/>\n<meta property=\"og:image\" content=\"https:\/\/cozyheat.ee\/wp-content\/uploads\/2023\/07\/Pilt2.png\" \/>\n<meta name=\"twitter:card\" content=\"summary_large_image\" \/>\n<meta name=\"twitter:label1\" content=\"Est. reading time\" \/>\n\t<meta name=\"twitter:data1\" content=\"2 minutes\" \/>\n<script type=\"application\/ld+json\" class=\"yoast-schema-graph\">{\"@context\":\"https:\/\/schema.org\",\"@graph\":[{\"@type\":\"WebPage\",\"@id\":\"https:\/\/cozyheat.ee\/edasimuujad\/\",\"url\":\"https:\/\/cozyheat.ee\/edasimuujad\/\",\"name\":\"[:en]Resellers[:et]Edasim\u00fc\u00fcjad[:fin]J\u00e4lleenmyyj\u00e4t[:] - Cozy Heat O&Uuml;\",\"isPartOf\":{\"@id\":\"https:\/\/cozyheat.ee\/#website\"},\"datePublished\":\"2021-01-27T10:07:50+00:00\",\"dateModified\":\"2023-09-15T08:58:57+00:00\",\"breadcrumb\":{\"@id\":\"https:\/\/cozyheat.ee\/edasimuujad\/#breadcrumb\"},\"inLanguage\":\"en-US\",\"potentialAction\":[{\"@type\":\"ReadAction\",\"target\":[\"https:\/\/cozyheat.ee\/edasimuujad\/\"]}]},{\"@type\":\"BreadcrumbList\",\"@id\":\"https:\/\/cozyheat.ee\/edasimuujad\/#breadcrumb\",\"itemListElement\":[{\"@type\":\"ListItem\",\"position\":1,\"name\":\"Home\",\"item\":\"https:\/\/cozyheat.ee\/\"},{\"@type\":\"ListItem\",\"position\":2,\"name\":\"Edasim\u00fc\u00fcjad\"}]},{\"@type\":\"WebSite\",\"@id\":\"https:\/\/cozyheat.ee\/#website\",\"url\":\"https:\/\/cozyheat.ee\/\",\"name\":\"Cozy Heat O&Uuml;\",\"description\":\"Eestimaised saunakerised\",\"publisher\":{\"@id\":\"https:\/\/cozyheat.ee\/#organization\"},\"potentialAction\":[{\"@type\":\"SearchAction\",\"target\":{\"@type\":\"EntryPoint\",\"urlTemplate\":\"https:\/\/cozyheat.ee\/?s={search_term_string}\"},\"query-input\":\"required name=search_term_string\"}],\"inLanguage\":\"en-US\"},{\"@type\":\"Organization\",\"@id\":\"https:\/\/cozyheat.ee\/#organization\",\"name\":\"Cozy Heat O&Uuml;\",\"url\":\"https:\/\/cozyheat.ee\/\",\"logo\":{\"@type\":\"ImageObject\",\"inLanguage\":\"en-US\",\"@id\":\"https:\/\/cozyheat.ee\/#\/schema\/logo\/image\/\",\"url\":\"https:\/\/cozyheat.ee\/wp-content\/uploads\/2020\/04\/cropped-cozy_lines.png\",\"contentUrl\":\"https:\/\/cozyheat.ee\/wp-content\/uploads\/2020\/04\/cropped-cozy_lines.png\",\"width\":1579,\"height\":418,\"caption\":\"Cozy Heat O&Uuml;\"},\"image\":{\"@id\":\"https:\/\/cozyheat.ee\/#\/schema\/logo\/image\/\"}}]}<\/script>\n<!-- \/ Yoast SEO plugin. -->","yoast_head_json":{"title":"Resellers - Cozy Heat O&Uuml;","robots":{"index":"index","follow":"follow","max-snippet":"max-snippet:-1","max-image-preview":"max-image-preview:large","max-video-preview":"max-video-preview:-1"},"canonical":"https:\/\/cozyheat.ee\/edasimuujad\/","og_locale":"en_US","og_type":"article","og_title":"[:en]Resellers[:et]Edasim\u00fc\u00fcjad[:fin]J\u00e4lleenmyyj\u00e4t[:] - Cozy Heat O&Uuml;","og_description":"ESPAK AS www.espak.ee Check the map SAUNAMAAILM www.saaunamaailm.ee Check the map","og_url":"https:\/\/cozyheat.ee\/edasimuujad\/","og_site_name":"Cozy Heat O&Uuml;","article_modified_time":"2023-09-15T08:58:57+00:00","og_image":[{"url":"https:\/\/cozyheat.ee\/wp-content\/uploads\/2023\/07\/Pilt2.png"}],"twitter_card":"summary_large_image","twitter_misc":{"Est. reading time":"2 minutes"},"schema":{"@context":"https:\/\/schema.org","@graph":[{"@type":"WebPage","@id":"https:\/\/cozyheat.ee\/edasimuujad\/","url":"https:\/\/cozyheat.ee\/edasimuujad\/","name":"[:en]Resellers[:et]Edasim\u00fc\u00fcjad[:fin]J\u00e4lleenmyyj\u00e4t[:] - Cozy Heat O&Uuml;","isPartOf":{"@id":"https:\/\/cozyheat.ee\/#website"},"datePublished":"2021-01-27T10:07:50+00:00","dateModified":"2023-09-15T08:58:57+00:00","breadcrumb":{"@id":"https:\/\/cozyheat.ee\/edasimuujad\/#breadcrumb"},"inLanguage":"en-US","potentialAction":[{"@type":"ReadAction","target":["https:\/\/cozyheat.ee\/edasimuujad\/"]}]},{"@type":"BreadcrumbList","@id":"https:\/\/cozyheat.ee\/edasimuujad\/#breadcrumb","itemListElement":[{"@type":"ListItem","position":1,"name":"Home","item":"https:\/\/cozyheat.ee\/"},{"@type":"ListItem","position":2,"name":"Edasim\u00fc\u00fcjad"}]},{"@type":"WebSite","@id":"https:\/\/cozyheat.ee\/#website","url":"https:\/\/cozyheat.ee\/","name":"Cozy Heat O&Uuml;","description":"Eestimaised saunakerised","publisher":{"@id":"https:\/\/cozyheat.ee\/#organization"},"potentialAction":[{"@type":"SearchAction","target":{"@type":"EntryPoint","urlTemplate":"https:\/\/cozyheat.ee\/?s={search_term_string}"},"query-input":"required name=search_term_string"}],"inLanguage":"en-US"},{"@type":"Organization","@id":"https:\/\/cozyheat.ee\/#organization","name":"Cozy Heat O&Uuml;","url":"https:\/\/cozyheat.ee\/","logo":{"@type":"ImageObject","inLanguage":"en-US","@id":"https:\/\/cozyheat.ee\/#\/schema\/logo\/image\/","url":"https:\/\/cozyheat.ee\/wp-content\/uploads\/2020\/04\/cropped-cozy_lines.png","contentUrl":"https:\/\/cozyheat.ee\/wp-content\/uploads\/2020\/04\/cropped-cozy_lines.png","width":1579,"height":418,"caption":"Cozy Heat O&Uuml;"},"image":{"@id":"https:\/\/cozyheat.ee\/#\/schema\/logo\/image\/"}}]}},"_links":{"self":[{"href":"https:\/\/cozyheat.ee\/en\/wp-json\/wp\/v2\/pages\/823","targetHints":{"allow":["GET"]}}],"collection":[{"href":"https:\/\/cozyheat.ee\/en\/wp-json\/wp\/v2\/pages"}],"about":[{"href":"https:\/\/cozyheat.ee\/en\/wp-json\/wp\/v2\/types\/page"}],"author":[{"embeddable":true,"href":"https:\/\/cozyheat.ee\/en\/wp-json\/wp\/v2\/users\/1"}],"replies":[{"embeddable":true,"href":"https:\/\/cozyheat.ee\/en\/wp-json\/wp\/v2\/comments?post=823"}],"version-history":[{"count":8,"href":"https:\/\/cozyheat.ee\/en\/wp-json\/wp\/v2\/pages\/823\/revisions"}],"predecessor-version":[{"id":1774,"href":"https:\/\/cozyheat.ee\/en\/wp-json\/wp\/v2\/pages\/823\/revisions\/1774"}],"wp:attachment":[{"href":"https:\/\/cozyheat.ee\/en\/wp-json\/wp\/v2\/media?parent=823"}],"curies":[{"name":"wp","href":"https:\/\/api.w.org\/{rel}","templated":true}]}}